{"id":1245,"date":"2022-11-02T16:47:09","date_gmt":"2022-11-02T15:47:09","guid":{"rendered":"https:\/\/localhost\/wordpress\/?page_id=1245"},"modified":"2022-12-10T01:07:34","modified_gmt":"2022-12-10T00:07:34","slug":"grzeskowiak-gr2","status":"publish","type":"page","link":"http:\/\/erasmus2021.6cultures1tech.eu\/?page_id=1245","title":{"rendered":"Grze\u015bkowiak gr2"},"content":{"rendered":"\t\t<div data-elementor-type=\"wp-page\" data-elementor-id=\"1245\" class=\"elementor elementor-1245\">\n\t\t\t\t\t\t\t\t\t<section class=\"elementor-section elementor-top-section elementor-element elementor-element-40aa99e elementor-section-height-min-height elementor-section-boxed elementor-section-height-default elementor-section-items-middle\" data-id=\"40aa99e\" data-element_type=\"section\" data-settings=\"{&quot;background_background&quot;:&quot;classic&quot;}\">\n\t\t\t\t\t\t<div class=\"elementor-container elementor-column-gap-default\">\n\t\t\t\t\t<div class=\"elementor-column elementor-col-50 elementor-top-column elementor-element elementor-element-42198bb\" data-id=\"42198bb\" data-element_type=\"column\">\n\t\t\t<div class=\"elementor-widget-wrap elementor-element-populated\">\n\t\t\t\t\t\t\t\t<div class=\"elementor-element elementor-element-09cff2b elementor-widget elementor-widget-heading\" data-id=\"09cff2b\" data-element_type=\"widget\" data-widget_type=\"heading.default\">\n\t\t\t\t<div class=\"elementor-widget-container\">\n\t\t\t<style>\/*! elementor - v3.10.1 - 17-01-2023 *\/\n.elementor-heading-title{padding:0;margin:0;line-height:1}.elementor-widget-heading .elementor-heading-title[class*=elementor-size-]>a{color:inherit;font-size:inherit;line-height:inherit}.elementor-widget-heading .elementor-heading-title.elementor-size-small{font-size:15px}.elementor-widget-heading .elementor-heading-title.elementor-size-medium{font-size:19px}.elementor-widget-heading .elementor-heading-title.elementor-size-large{font-size:29px}.elementor-widget-heading .elementor-heading-title.elementor-size-xl{font-size:39px}.elementor-widget-heading .elementor-heading-title.elementor-size-xxl{font-size:59px}<\/style><h2 class=\"elementor-heading-title elementor-size-default\">Kamil Grze\u015bkowiak<\/h2>\t\t<\/div>\n\t\t\t\t<\/div>\n\t\t\t\t<section class=\"elementor-section elementor-inner-section elementor-element elementor-element-e4ee4fd elementor-section-boxed elementor-section-height-default elementor-section-height-default\" data-id=\"e4ee4fd\" data-element_type=\"section\">\n\t\t\t\t\t\t<div class=\"elementor-container elementor-column-gap-default\">\n\t\t\t\t\t<div class=\"elementor-column elementor-col-100 elementor-inner-column elementor-element elementor-element-3ccdd03\" data-id=\"3ccdd03\" data-element_type=\"column\">\n\t\t\t<div class=\"elementor-widget-wrap elementor-element-populated\">\n\t\t\t\t\t\t\t\t<div class=\"elementor-element elementor-element-67b4964 elementor-widget elementor-widget-heading\" data-id=\"67b4964\" data-element_type=\"widget\" data-widget_type=\"heading.default\">\n\t\t\t\t<div class=\"elementor-widget-container\">\n\t\t\t<h2 class=\"elementor-heading-title elementor-size-default\">Mam na imi\u0119 Kamil i ucz\u0119szczam do ZST w Bytomiu. Interesuj\u0119 si\u0119 programowaniem, monta\u017cem, napraw\u0105 urz\u0105dze\u0144 komputerowych oraz grami komputerowymi. Praktyki w Sewilli pozwol\u0105 mi pozna\u0107 nowe miejsca, osoby oraz rozwin\u0105\u0107 swoj\u0105 wiedz\u0119 w zakresie IT.\n<\/h2>\t\t<\/div>\n\t\t\t\t<\/div>\n\t\t\t\t\t<\/div>\n\t\t<\/div>\n\t\t\t\t\t\t\t<\/div>\n\t\t<\/section>\n\t\t\t\t\t<\/div>\n\t\t<\/div>\n\t\t\t\t<div class=\"elementor-column elementor-col-50 elementor-top-column elementor-element elementor-element-3fc917c\" data-id=\"3fc917c\" data-element_type=\"column\">\n\t\t\t<div class=\"elementor-widget-wrap elementor-element-populated\">\n\t\t\t\t\t\t\t\t<div class=\"elementor-element elementor-element-b1ef1a9 elementor-widget elementor-widget-image\" data-id=\"b1ef1a9\" data-element_type=\"widget\" data-widget_type=\"image.default\">\n\t\t\t\t<div class=\"elementor-widget-container\">\n\t\t\t<style>\/*! elementor - v3.10.1 - 17-01-2023 *\/\n.elementor-widget-image{text-align:center}.elementor-widget-image a{display:inline-block}.elementor-widget-image a img[src$=\".svg\"]{width:48px}.elementor-widget-image img{vertical-align:middle;display:inline-block}<\/style>\t\t\t\t\t\t\t\t\t\t\t\t<img loading=\"lazy\" decoding=\"async\" width=\"577\" height=\"1024\" src=\"http:\/\/erasmus2021.6cultures1tech.eu\/wp-content\/uploads\/2022\/12\/Grzeskowiak-577x1024.jpg\" class=\"attachment-large size-large wp-image-4020\" alt=\"\" srcset=\"http:\/\/erasmus2021.6cultures1tech.eu\/wp-content\/uploads\/2022\/12\/Grzeskowiak-577x1024.jpg 577w, http:\/\/erasmus2021.6cultures1tech.eu\/wp-content\/uploads\/2022\/12\/Grzeskowiak-169x300.jpg 169w, http:\/\/erasmus2021.6cultures1tech.eu\/wp-content\/uploads\/2022\/12\/Grzeskowiak-768x1364.jpg 768w, http:\/\/erasmus2021.6cultures1tech.eu\/wp-content\/uploads\/2022\/12\/Grzeskowiak-865x1536.jpg 865w, http:\/\/erasmus2021.6cultures1tech.eu\/wp-content\/uploads\/2022\/12\/Grzeskowiak.jpg 1153w\" sizes=\"auto, (max-width: 577px) 100vw, 577px\" \/>\t\t\t\t\t\t\t\t\t\t\t\t\t\t\t<\/div>\n\t\t\t\t<\/div>\n\t\t\t\t\t<\/div>\n\t\t<\/div>\n\t\t\t\t\t\t\t<\/div>\n\t\t<\/section>\n\t\t\t\t<section class=\"elementor-section elementor-top-section elementor-element elementor-element-eb24008 elementor-section-boxed elementor-section-height-default elementor-section-height-default\" data-id=\"eb24008\" data-element_type=\"section\">\n\t\t\t\t\t\t<div class=\"elementor-container elementor-column-gap-default\">\n\t\t\t\t\t<div class=\"elementor-column elementor-col-100 elementor-top-column elementor-element elementor-element-628dc34\" data-id=\"628dc34\" data-element_type=\"column\">\n\t\t\t<div class=\"elementor-widget-wrap elementor-element-populated\">\n\t\t\t\t\t\t\t\t<section class=\"elementor-section elementor-inner-section elementor-element elementor-element-b47e7a5 elementor-section-boxed elementor-section-height-default elementor-section-height-default\" data-id=\"b47e7a5\" data-element_type=\"section\">\n\t\t\t\t\t\t<div class=\"elementor-container elementor-column-gap-default\">\n\t\t\t\t\t<div class=\"elementor-column elementor-col-100 elementor-inner-column elementor-element elementor-element-3896a3f\" data-id=\"3896a3f\" data-element_type=\"column\">\n\t\t\t<div class=\"elementor-widget-wrap elementor-element-populated\">\n\t\t\t\t\t\t\t\t<div class=\"elementor-element elementor-element-e9b4d81 elementor-widget elementor-widget-heading\" data-id=\"e9b4d81\" data-element_type=\"widget\" data-widget_type=\"heading.default\">\n\t\t\t\t<div class=\"elementor-widget-container\">\n\t\t\t<h2 class=\"elementor-heading-title elementor-size-default\">Opinia o praktyce:<\/h2>\t\t<\/div>\n\t\t\t\t<\/div>\n\t\t\t\t<div class=\"elementor-element elementor-element-84d3e8a elementor-widget elementor-widget-text-editor\" data-id=\"84d3e8a\" data-element_type=\"widget\" data-widget_type=\"text-editor.default\">\n\t\t\t\t<div class=\"elementor-widget-container\">\n\t\t\t<style>\/*! elementor - v3.10.1 - 17-01-2023 *\/\n.elementor-widget-text-editor.elementor-drop-cap-view-stacked .elementor-drop-cap{background-color:#818a91;color:#fff}.elementor-widget-text-editor.elementor-drop-cap-view-framed .elementor-drop-cap{color:#818a91;border:3px solid;background-color:transparent}.elementor-widget-text-editor:not(.elementor-drop-cap-view-default) .elementor-drop-cap{margin-top:8px}.elementor-widget-text-editor:not(.elementor-drop-cap-view-default) .elementor-drop-cap-letter{width:1em;height:1em}.elementor-widget-text-editor .elementor-drop-cap{float:left;text-align:center;line-height:1;font-size:50px}.elementor-widget-text-editor .elementor-drop-cap-letter{display:inline-block}<\/style>\t\t\t\t<p>Ciesz\u0119 si\u0119, \u017ce mia\u0142em okazj\u0119 odby\u0107 praktyk\u0119 w Hiszpanii. By\u0142o to dla mnie niezwyk\u0142e do\u015bwiadczenie, gdzie opr\u00f3cz nabycia do\u015bwiadczenie zawodowego, mia\u0142em okazj\u0119 pozna\u0107 wielu wspania\u0142ych ludzi, ich kultur\u0119 i zwiedzi\u0107 przepi\u0119kne miejsca z kt\u00f3rych s\u0142ynie ten kraj. Pomimo stresu zwi\u0105zanego mi\u0119dzy innymi z podr\u00f3\u017c\u0105 wszystko sko\u0144czy\u0142o si\u0119 dobrze. Dzi\u0119ki dobrej organizacji i sympatycznym koordynatorom szybko dowiedzieli\u015bmy si\u0119, na czym mia\u0142y polega\u0107 nasze praktyki i wszystkie niejasno\u015bci zosta\u0142y dok\u0142adnie wyja\u015bnione. Co nie oznacza, \u017ce ca\u0142o\u015b\u0107 zosta\u0142a podana na srebrnej tacy, co by\u0142o dla mnie pozytywn\u0105 cz\u0119\u015bci\u0105 ca\u0142ego wyjazdu, poniewa\u017c mia\u0142em okazj\u0119 sprawdzi\u0107 swoje umiej\u0119tno\u015bci. Jednym z wielu dobrze wspominanym przeze mnie okresem mobilno\u015bci by\u0142y lekcje j\u0119zyka hiszpa\u0144skiego, kt\u00f3re prowadzi\u0142a Pani Maria. Mobilno\u015b\u0107 ta by\u0142a \u015bwietn\u0105 przygod\u0105, je\u015bli mia\u0142bym okazj\u0119 ponownie bra\u0107 udzia\u0142 w takim projekcie z przyjemno\u015bci\u0105 bym skorzysta\u0142.<\/p><p><br \/><br \/><\/p>\t\t\t\t\t\t<\/div>\n\t\t\t\t<\/div>\n\t\t\t\t\t<\/div>\n\t\t<\/div>\n\t\t\t\t\t\t\t<\/div>\n\t\t<\/section>\n\t\t\t\t<div class=\"elementor-element elementor-element-a67a544 elementor-widget elementor-widget-heading\" data-id=\"a67a544\" data-element_type=\"widget\" data-widget_type=\"heading.default\">\n\t\t\t\t<div class=\"elementor-widget-container\">\n\t\t\t<h2 class=\"elementor-heading-title elementor-size-default\">Praca:<\/h2>\t\t<\/div>\n\t\t\t\t<\/div>\n\t\t\t\t<div class=\"elementor-element elementor-element-8f1ac81 elementor-widget elementor-widget-text-editor\" data-id=\"8f1ac81\" data-element_type=\"widget\" data-widget_type=\"text-editor.default\">\n\t\t\t\t<div class=\"elementor-widget-container\">\n\t\t\t\t\t\t\t<p>Do serwisu APP Informatica trafi\u0142em wraz z Dawidem Tomaszewskim. Moja firma znajduje si\u0119 na p\u00f3\u0142nocnej cz\u0119\u015bci Sewilli, a konkretniej w dzielnicy Macarena. Doje\u017cd\u017cam tam na godzin\u0119 8:30 z przystanku na Lopez de Gomara w Trianie autobusem numer 6. Wysiadam na przystanku na ulicy Concejal Jimenez Becerril i maszeruj\u0119 10min do mojej pracy. Za ka\u017cdym razem gdy przechodz\u0119 z przystanku do firmy przygl\u0105dam si\u0119 parlamentowi Andaluzji. Kiedy jestem ju\u017c w firmie m\u00f3j opiekun Cesar daje mi przer\u00f3\u017cniste zadania od wymiany dysku w laptopie do rozmontowania hulajnogi elektrycznej. Podczas mojej pracy mia\u0142em ju\u017c okazj\u0119 zajmowa\u0107 si\u0119 drukarkami (diagnoza, wymiana g\u0142\u00f3wnych element\u00f3w, testy sprawno\u015bci), projektorami (wymiana pomniejszych element\u00f3w, testy sprawno\u015bci), komputerami (diagnoza, wymiana komponent\u00f3w, instalacja system\u00f3w operacyjnych, testy sprawno\u015bci), laptopami (diagnoza, wymiana komponent\u00f3w wewn\u0119trznych oraz matrycy, testy sprawno\u015bci), hulajnogami (rozmontowanie, wymiana k\u00f3\u0142 i okablowania) oraz segwayami (wymiana okablowania). Swoj\u0105 prac\u0119 wykonuj\u0119 na tylnej cz\u0119\u015bci serwisu. W chwili kiedy wykonam ca\u0142\u0105 zlecon\u0105 prac\u0119 Cesar daje mi oraz Dawidowi dost\u0119p do swojego komputera i w\u0142\u0105cza nam kurs nauczania o urz\u0105dzeniach kt\u00f3rymi si\u0119 zajmujemy. Atmosfera w firmie jest cudowna, cz\u0119sto zdarza si\u0119 \u017ce sobie po\u017cartujemy z Cesarem, kiedy nie mam poj\u0119cia jak rozwi\u0105za\u0107 dany problem Cesar zawsze jest ch\u0119tny mi pom\u00f3c. Gdy nie ma Cesara w firmie jego zadania przejmuje jego wsp\u00f3\u0142pracownik Pedro, z kt\u00f3rym r\u00f3wnie dobrze mi si\u0119 pracuje.<\/p>\t\t\t\t\t\t<\/div>\n\t\t\t\t<\/div>\n\t\t\t\t<div class=\"elementor-element elementor-element-c52b941 elementor-widget elementor-widget-heading\" data-id=\"c52b941\" data-element_type=\"widget\" data-widget_type=\"heading.default\">\n\t\t\t\t<div class=\"elementor-widget-container\">\n\t\t\t<h2 class=\"elementor-heading-title elementor-size-default\">Zakwaterowanie:<\/h2>\t\t<\/div>\n\t\t\t\t<\/div>\n\t\t\t\t<div class=\"elementor-element elementor-element-4082066 elementor-widget elementor-widget-text-editor\" data-id=\"4082066\" data-element_type=\"widget\" data-widget_type=\"text-editor.default\">\n\t\t\t\t<div class=\"elementor-widget-container\">\n\t\t\t\t\t\t\t<p>Gdy przyjechali\u015bmy do Sewilli zostali\u015bmy zaprowadzeni przed Reyes oraz Luisa do naszego miejsca zamieszkania na ulicy Arc\u00e1ngel San Gabriel. Podczas przedstawiania nam nowego domu, opowiedzieli nam o najbli\u017cszej okolicy, ciekawych miejscach i centrum miasta. Nasze mieszkanie jest na 3 pi\u0119trze, sk\u0142ada si\u0119 ono z kuchni, salonu, du\u017cego balkonu, 3 sypialni oraz \u0142azienki. W naszym pokoju mamy 3 \u0142\u00f3zka, szaf\u0119 na ubrania, komod\u0119 oraz klimatyzacj\u0119 z wentylatorem. W mieszkaniu towarzysz\u0105 nam pa\u0144stwo Reyes i Luis, ich c\u00f3rka Lujan, wsp\u00f3\u0142lokator pochodz\u0105cy z Ameryki &#8211; Calvin oraz kot Mango. Domownicy oprowadzili nas po mieszkaniu i opowiedzieli nam o swoich rutynach. Przedstawili nam tak\u017ce zasady i obowi\u0105zki panuj\u0105ce w ich rodzinie. Mieszkamy w ma\u0142ym pokoju, posi\u0142ki spo\u017cywamy w salonie i tam r\u00f3wnie\u017c rozmawiamy z rodzin\u0105. Posi\u0142ki przygotowywane s\u0105 w kuchni przez Reyes, czasami przez jej mam\u0119, kt\u00f3ra bardzo lubi si\u0119 z nami droczy\u0107 m\u00f3wi\u0105c ci\u0119\u017ckie zdania po hiszpa\u0144sku, kt\u00f3rych za grosz nie rozumiemy. Na szcz\u0119\u015bcie reszta domownik\u00f3w komunikuje si\u0119 z nami w j\u0119zyku angielskim, wi\u0119c czujemy si\u0119 komfortowo rozmawiaj\u0105c z nimi. Ka\u017cdego dnia przygotowuj\u0105 nam \u015bniadanie, obiad i kolacj\u0119. Reyes przygotowuje typowe hiszpa\u0144skie posi\u0142ki, ale zwraca uwag\u0119 na to co nam smakuje oraz ch\u0119tnie przyjmuje nasze propozycje da\u0144. W nieobecno\u015bci Reyes, posi\u0142ki przygotowuje nam mama Reyes lub Luis. Cieszymy si\u0119 bardzo z naszych opiekun\u00f3w, miejsca gdzie mieszkamy, a tak\u017ce atmosfery panuj\u0105cej w domu. To dzi\u0119ki nim zawsze rano wstajemy z u\u015bmiechem na twarzy.<\/p>\n<p>~ Grze\u015bkowiak Kamil, Tomaszewski Dawid, Wi\u0119d\u0142ocha Adam<br><\/p>\t\t\t\t\t\t<\/div>\n\t\t\t\t<\/div>\n\t\t\t\t\t<\/div>\n\t\t<\/div>\n\t\t\t\t\t\t\t<\/div>\n\t\t<\/section>\n\t\t\t\t\t\t\t<\/div>\n\t\t","protected":false},"excerpt":{"rendered":"<p>Kamil Grze\u015bkowiak Mam na imi\u0119 Kamil i ucz\u0119szczam do ZST w Bytomiu. Interesuj\u0119 si\u0119 programowaniem, monta\u017cem, napraw\u0105 urz\u0105dze\u0144 komputerowych oraz grami komputerowymi. Praktyki w Sewilli pozwol\u0105 mi pozna\u0107 nowe miejsca, osoby oraz rozwin\u0105\u0107 swoj\u0105 wiedz\u0119 w zakresie IT. Opinia o praktyce: Ciesz\u0119 si\u0119, \u017ce mia\u0142em okazj\u0119 odby\u0107 praktyk\u0119 w Hiszpanii. By\u0142o to dla mnie niezwyk\u0142e [&hellip;]<\/p>\n","protected":false},"author":1,"featured_media":0,"parent":0,"menu_order":0,"comment_status":"closed","ping_status":"closed","template":"","meta":{"footnotes":""},"class_list":["post-1245","page","type-page","status-publish","hentry","entry"],"_links":{"self":[{"href":"http:\/\/erasmus2021.6cultures1tech.eu\/index.php?rest_route=\/wp\/v2\/pages\/1245","targetHints":{"allow":["GET"]}}],"collection":[{"href":"http:\/\/erasmus2021.6cultures1tech.eu\/index.php?rest_route=\/wp\/v2\/pages"}],"about":[{"href":"http:\/\/erasmus2021.6cultures1tech.eu\/index.php?rest_route=\/wp\/v2\/types\/page"}],"author":[{"embeddable":true,"href":"http:\/\/erasmus2021.6cultures1tech.eu\/index.php?rest_route=\/wp\/v2\/users\/1"}],"replies":[{"embeddable":true,"href":"http:\/\/erasmus2021.6cultures1tech.eu\/index.php?rest_route=%2Fwp%2Fv2%2Fcomments&post=1245"}],"version-history":[{"count":19,"href":"http:\/\/erasmus2021.6cultures1tech.eu\/index.php?rest_route=\/wp\/v2\/pages\/1245\/revisions"}],"predecessor-version":[{"id":4104,"href":"http:\/\/erasmus2021.6cultures1tech.eu\/index.php?rest_route=\/wp\/v2\/pages\/1245\/revisions\/4104"}],"wp:attachment":[{"href":"http:\/\/erasmus2021.6cultures1tech.eu\/index.php?rest_route=%2Fwp%2Fv2%2Fmedia&parent=1245"}],"curies":[{"name":"wp","href":"https:\/\/api.w.org\/{rel}","templated":true}]}}