{"id":1253,"date":"2022-11-02T16:49:20","date_gmt":"2022-11-02T15:49:20","guid":{"rendered":"https:\/\/localhost\/wordpress\/?page_id=1253"},"modified":"2022-12-09T17:06:55","modified_gmt":"2022-12-09T16:06:55","slug":"jon-gr2","status":"publish","type":"page","link":"http:\/\/erasmus2021.6cultures1tech.eu\/?page_id=1253","title":{"rendered":"Jon gr2"},"content":{"rendered":"\t\t<div data-elementor-type=\"wp-page\" data-elementor-id=\"1253\" class=\"elementor elementor-1253\">\n\t\t\t\t\t\t\t\t\t<section class=\"elementor-section elementor-top-section elementor-element elementor-element-30a4e93 elementor-section-height-min-height elementor-section-boxed elementor-section-height-default elementor-section-items-middle\" data-id=\"30a4e93\" data-element_type=\"section\" data-settings=\"{&quot;background_background&quot;:&quot;classic&quot;}\">\n\t\t\t\t\t\t<div class=\"elementor-container elementor-column-gap-default\">\n\t\t\t\t\t<div class=\"elementor-column elementor-col-50 elementor-top-column elementor-element elementor-element-296c133\" data-id=\"296c133\" data-element_type=\"column\">\n\t\t\t<div class=\"elementor-widget-wrap elementor-element-populated\">\n\t\t\t\t\t\t\t\t<div class=\"elementor-element elementor-element-954d41d elementor-widget elementor-widget-heading\" data-id=\"954d41d\" data-element_type=\"widget\" data-widget_type=\"heading.default\">\n\t\t\t\t<div class=\"elementor-widget-container\">\n\t\t\t<style>\/*! elementor - v3.10.1 - 17-01-2023 *\/\n.elementor-heading-title{padding:0;margin:0;line-height:1}.elementor-widget-heading .elementor-heading-title[class*=elementor-size-]>a{color:inherit;font-size:inherit;line-height:inherit}.elementor-widget-heading .elementor-heading-title.elementor-size-small{font-size:15px}.elementor-widget-heading .elementor-heading-title.elementor-size-medium{font-size:19px}.elementor-widget-heading .elementor-heading-title.elementor-size-large{font-size:29px}.elementor-widget-heading .elementor-heading-title.elementor-size-xl{font-size:39px}.elementor-widget-heading .elementor-heading-title.elementor-size-xxl{font-size:59px}<\/style><h2 class=\"elementor-heading-title elementor-size-default\">Dominik Jon<\/h2>\t\t<\/div>\n\t\t\t\t<\/div>\n\t\t\t\t<section class=\"elementor-section elementor-inner-section elementor-element elementor-element-20bec10 elementor-section-boxed elementor-section-height-default elementor-section-height-default\" data-id=\"20bec10\" data-element_type=\"section\">\n\t\t\t\t\t\t<div class=\"elementor-container elementor-column-gap-default\">\n\t\t\t\t\t<div class=\"elementor-column elementor-col-100 elementor-inner-column elementor-element elementor-element-6442dcf\" data-id=\"6442dcf\" data-element_type=\"column\">\n\t\t\t<div class=\"elementor-widget-wrap elementor-element-populated\">\n\t\t\t\t\t\t\t\t<div class=\"elementor-element elementor-element-c6b4632 elementor-widget elementor-widget-heading\" data-id=\"c6b4632\" data-element_type=\"widget\" data-widget_type=\"heading.default\">\n\t\t\t\t<div class=\"elementor-widget-container\">\n\t\t\t<h2 class=\"elementor-heading-title elementor-size-default\">Hola! Nazywam si\u0119 Dominik i jestem uczniem 3 klasy informatycznej A. Regularnie chodz\u0119 na si\u0142owni\u0119, lubi\u0119 pisa\u0107 strony oraz gra\u0107 w gry komputerowe. W Hiszpanii zajmuj\u0119 si\u0119 tym, co lubi\u0119 najbardziej, czyli tworzeniem stron internetowych, g\u0142\u00f3wnie za pomoc\u0105 narz\u0119dzia WordPress.\n<\/h2>\t\t<\/div>\n\t\t\t\t<\/div>\n\t\t\t\t\t<\/div>\n\t\t<\/div>\n\t\t\t\t\t\t\t<\/div>\n\t\t<\/section>\n\t\t\t\t\t<\/div>\n\t\t<\/div>\n\t\t\t\t<div class=\"elementor-column elementor-col-50 elementor-top-column elementor-element elementor-element-dffe6c0\" data-id=\"dffe6c0\" data-element_type=\"column\">\n\t\t\t<div class=\"elementor-widget-wrap elementor-element-populated\">\n\t\t\t\t\t\t\t\t<div class=\"elementor-element elementor-element-865bcb4 elementor-widget elementor-widget-image\" data-id=\"865bcb4\" data-element_type=\"widget\" data-widget_type=\"image.default\">\n\t\t\t\t<div class=\"elementor-widget-container\">\n\t\t\t<style>\/*! elementor - v3.10.1 - 17-01-2023 *\/\n.elementor-widget-image{text-align:center}.elementor-widget-image a{display:inline-block}.elementor-widget-image a img[src$=\".svg\"]{width:48px}.elementor-widget-image img{vertical-align:middle;display:inline-block}<\/style>\t\t\t\t\t\t\t\t\t\t\t\t<img loading=\"lazy\" decoding=\"async\" width=\"577\" height=\"1024\" src=\"http:\/\/erasmus2021.6cultures1tech.eu\/wp-content\/uploads\/2022\/12\/Jon_Easy-Resize.com_-577x1024.jpg\" class=\"attachment-large size-large wp-image-3141\" alt=\"\" srcset=\"http:\/\/erasmus2021.6cultures1tech.eu\/wp-content\/uploads\/2022\/12\/Jon_Easy-Resize.com_-577x1024.jpg 577w, http:\/\/erasmus2021.6cultures1tech.eu\/wp-content\/uploads\/2022\/12\/Jon_Easy-Resize.com_-169x300.jpg 169w, http:\/\/erasmus2021.6cultures1tech.eu\/wp-content\/uploads\/2022\/12\/Jon_Easy-Resize.com_.jpg 721w\" sizes=\"auto, (max-width: 577px) 100vw, 577px\" \/>\t\t\t\t\t\t\t\t\t\t\t\t\t\t\t<\/div>\n\t\t\t\t<\/div>\n\t\t\t\t\t<\/div>\n\t\t<\/div>\n\t\t\t\t\t\t\t<\/div>\n\t\t<\/section>\n\t\t\t\t<section class=\"elementor-section elementor-top-section elementor-element elementor-element-01f69e4 elementor-section-boxed elementor-section-height-default elementor-section-height-default\" data-id=\"01f69e4\" data-element_type=\"section\">\n\t\t\t\t\t\t<div class=\"elementor-container elementor-column-gap-default\">\n\t\t\t\t\t<div class=\"elementor-column elementor-col-100 elementor-top-column elementor-element elementor-element-5057db5\" data-id=\"5057db5\" data-element_type=\"column\">\n\t\t\t<div class=\"elementor-widget-wrap elementor-element-populated\">\n\t\t\t\t\t\t\t\t<section class=\"elementor-section elementor-inner-section elementor-element elementor-element-2bfba43 elementor-section-boxed elementor-section-height-default elementor-section-height-default\" data-id=\"2bfba43\" data-element_type=\"section\">\n\t\t\t\t\t\t<div class=\"elementor-container elementor-column-gap-default\">\n\t\t\t\t\t<div class=\"elementor-column elementor-col-100 elementor-inner-column elementor-element elementor-element-82be772\" data-id=\"82be772\" data-element_type=\"column\">\n\t\t\t<div class=\"elementor-widget-wrap elementor-element-populated\">\n\t\t\t\t\t\t\t\t<div class=\"elementor-element elementor-element-40a3678 elementor-widget elementor-widget-heading\" data-id=\"40a3678\" data-element_type=\"widget\" data-widget_type=\"heading.default\">\n\t\t\t\t<div class=\"elementor-widget-container\">\n\t\t\t<h2 class=\"elementor-heading-title elementor-size-default\">Opinia o praktyce:<\/h2>\t\t<\/div>\n\t\t\t\t<\/div>\n\t\t\t\t<div class=\"elementor-element elementor-element-2e14d4a elementor-widget elementor-widget-text-editor\" data-id=\"2e14d4a\" data-element_type=\"widget\" data-widget_type=\"text-editor.default\">\n\t\t\t\t<div class=\"elementor-widget-container\">\n\t\t\t<style>\/*! elementor - v3.10.1 - 17-01-2023 *\/\n.elementor-widget-text-editor.elementor-drop-cap-view-stacked .elementor-drop-cap{background-color:#818a91;color:#fff}.elementor-widget-text-editor.elementor-drop-cap-view-framed .elementor-drop-cap{color:#818a91;border:3px solid;background-color:transparent}.elementor-widget-text-editor:not(.elementor-drop-cap-view-default) .elementor-drop-cap{margin-top:8px}.elementor-widget-text-editor:not(.elementor-drop-cap-view-default) .elementor-drop-cap-letter{width:1em;height:1em}.elementor-widget-text-editor .elementor-drop-cap{float:left;text-align:center;line-height:1;font-size:50px}.elementor-widget-text-editor .elementor-drop-cap-letter{display:inline-block}<\/style>\t\t\t\t<p>Te 4 tygodnie w hiszpa\u0144skiej Sewilli by\u0142y bardzo dobrze sp\u0119dzonym czasem i mog\u0119 powiedzie\u0107, \u017ce dla mnie wyjazd ten by\u0142 bardzo udany. Pozna\u0142em bli\u017cej bran\u017c\u0119 IT, kt\u00f3r\u0105 si\u0119 naprawd\u0119 interesuj\u0119, pozna\u0142em bli\u017cej kultur\u0119 i styl \u017cycia Hiszpan\u00f3w, sta\u0142em si\u0119 bardziej otwarty na poznawanie obcych ludzi, oraz bardzo rozwin\u0105\u0142em swoj\u0105 umiej\u0119tno\u015b\u0107 m\u00f3wienia po hiszpa\u0144sku. Wszystkie wycieczki by\u0142y \u015bwietne i zagwarantowa\u0142y mi mas\u0119 wspomnie\u0144 na ca\u0142e \u017cycie, ale i tak najbardziej zapami\u0119tam wyjazd na pla\u017c\u0119 w Matalasca\u00f1as, kt\u00f3ra wed\u0142ug mnie by\u0142a najlepiej sp\u0119dzonym czasem podczas tego wyjazdu. Zach\u0119cam wszystkich do wzi\u0119cia udzia\u0142u w takim projekcie, poniewa\u017c mo\u017cna sp\u0119dzi\u0107 niesamowity czas w tym cudownym kraju i naby\u0107 wiele nowych umiej\u0119tno\u015bci.<\/p>\t\t\t\t\t\t<\/div>\n\t\t\t\t<\/div>\n\t\t\t\t\t<\/div>\n\t\t<\/div>\n\t\t\t\t\t\t\t<\/div>\n\t\t<\/section>\n\t\t\t\t<div class=\"elementor-element elementor-element-b23c78a elementor-widget elementor-widget-heading\" data-id=\"b23c78a\" data-element_type=\"widget\" data-widget_type=\"heading.default\">\n\t\t\t\t<div class=\"elementor-widget-container\">\n\t\t\t<h2 class=\"elementor-heading-title elementor-size-default\">Praca:<\/h2>\t\t<\/div>\n\t\t\t\t<\/div>\n\t\t\t\t<div class=\"elementor-element elementor-element-ccc3e39 elementor-widget elementor-widget-text-editor\" data-id=\"ccc3e39\" data-element_type=\"widget\" data-widget_type=\"text-editor.default\">\n\t\t\t\t<div class=\"elementor-widget-container\">\n\t\t\t\t\t\t\t<p>Pracuj\u0119 w ma\u0142ej, 3-osobowej firmie o nazwie EnREDate y Conecta, zajmuj\u0105cej si\u0119 tworzeniem stron internetowych, grafik\u0105 komputerow\u0105 oraz pozycjonowaniem SEO. Moim g\u0142\u00f3wnym zadaniem jest zaprojektowanie i stworzenie strony, gdzie muzycy mog\u0105 zamieszcza\u0107 muzyk\u0119, kt\u00f3r\u0105 sami stworzyli, a ich promotorzy i potencjonalni inwestorzy mog\u0105 tej muzyki s\u0142ucha\u0107 i kontaktowa\u0107 si\u0119 z nimi. Projekt nosi nazw\u0119 MYTRONOMY, a ca\u0142e stworzenie strony i wszystkich potrzebnych rzeczy potrzebnych do komunikacji mi\u0119dzy u\u017cytkownikami zajmuje mi ju\u017c 2 tygodnie, ale wszystko idzie w dobrym kierunku. Firma znajduje si\u0119 w s\u0105siedniej miejscowo\u015bci Dos Hermanas, a ca\u0142y dojazd zajmuje mi oko\u0142o godziny, czyli tyle ile mniej wi\u0119cej zajmuje mi dojazd z domu w Polsce do ZST. Codziennie pracuj\u0119 przez 6h od godziny 8 do 14, a atmosfera podczas pracy jest bardzo lu\u017ana i przyjacielska, bez problemu mo\u017cemy wybra\u0107 si\u0119 na p\u00f3\u0142godzinn\u0105 przerw\u0119 do pobliskiego baru, \u017ceby zje\u015b\u0107 co\u015b dobrego albo napi\u0107 si\u0119 kawy. Jak na razie nauczy\u0142em si\u0119 wielu nowych rzeczy, pracuj\u0119 g\u0142\u00f3wnie w WordPressie, ale nie raz musz\u0119 te\u017c\u00a0 pisa\u0107 w\u0142asne kody w CSS, PHP czy w JavaScript, bo WordPress nie pozwala na wiele rzeczy, kt\u00f3re chc\u0119 zmieni\u0107 w stronie. Podsumowuj\u0105c, naprawd\u0119 pozytywnie oceniam czas sp\u0119dzony w EnREDate y Conecta, nauczy\u0142em si\u0119 wielu nowych rzeczy i sposob\u00f3w rozwi\u0105zywania typowych problem\u00f3w, i prawdziwego procesu tworzenia stron internetowych, wi\u0119c polecam praktyki w tej firmie ka\u017cdemu kto interesuje si\u0119 pisaniem stron i chce si\u0119 rozwija\u0107 w tym kierunku.<\/p>\t\t\t\t\t\t<\/div>\n\t\t\t\t<\/div>\n\t\t\t\t<div class=\"elementor-element elementor-element-718a3da elementor-widget elementor-widget-heading\" data-id=\"718a3da\" data-element_type=\"widget\" data-widget_type=\"heading.default\">\n\t\t\t\t<div class=\"elementor-widget-container\">\n\t\t\t<h2 class=\"elementor-heading-title elementor-size-default\">Zakwaterowanie:<\/h2>\t\t<\/div>\n\t\t\t\t<\/div>\n\t\t\t\t<div class=\"elementor-element elementor-element-79ef482 elementor-widget elementor-widget-text-editor\" data-id=\"79ef482\" data-element_type=\"widget\" data-widget_type=\"text-editor.default\">\n\t\t\t\t<div class=\"elementor-widget-container\">\n\t\t\t\t\t\t\t<p>Nasza dw\u00f3jka zosta\u0142a przydzielona do rodziny mieszkaj\u0105cej na wschodnich obrze\u017cach Sewilli, w dzielnicy El Cerro del \u00c1guila. Mieszkamy w dwupi\u0119trowym bloku, mieszkanie jest przeci\u0119tnej wielko\u015bci, ma wszystko co potrzebne do \u017cycia: kuchni\u0119, \u0142azienk\u0119, jadalni\u0119, pok\u00f3j host rodziny, nasz pok\u00f3j i pok\u00f3j dodatkowy do kt\u00f3rego w 2 tygodniu wprowadzili si\u0119 W\u0142osi r\u00f3wnie\u017c z projektu Erasmus+.<\/p><p>Pok\u00f3j m\u00f3j i Dominika jest umeblowany skromnie i nowocze\u015bnie, jedno \u0142\u00f3\u017cko pi\u0119trowe, dwie p\u00f3\u0142ki, stolik i okno na ulice i s\u0105siedni blok. Tu\u017c po przybyciu do Sewilli zostali\u015bmy ciep\u0142o przyj\u0119ci przez Blance i Alejandr\u0119, nasz\u0105 host rodzin\u0119. R\u00f3wnie ciep\u0142o przyj\u0119\u0142y nas pulchny Queso i drobniutki Milo, dwa bia\u0142e koty w czarne \u0142atki. Dzi\u0119ki Blance, Alejandrze, Queso, Milo i rodziny Alejandry, kt\u00f3ra co jaki\u015b czas wpada\u0142a do nas na pogaw\u0119dki ju\u017c po pierwszym tygodniu czuli\u015bmy si\u0119 jak w domu. Drugiego tygodnia do\u0142\u0105czy\u0142a do nas tr\u00f3jka r\u00f3wie\u015bnik\u00f3w z W\u0142och, kt\u00f3rzy r\u00f3wnie\u017c przyjechali do Sewilli na praktyki w ramach programu Erasmus+. Wnie\u015bli sob\u0105 du\u017co radosnej atmosfery, oraz co jaki\u015b czas pomagali w porozumieniu si\u0119 z host rodzin\u0105. Na miejscu tylko Blanca w miar\u0119 rozumia\u0142a j\u0119zyk angielski, Alejandra nie zna\u0142a tego j\u0119zyka, na szcz\u0119\u015bcie na pomoc przysz\u0142a technologia (Google Translate), w\u0142asna znajomo\u015b\u0107 j\u0119zyka i W\u0142osi kt\u00f3rzy znali hiszpa\u0144ski. Podczas ca\u0142ego naszego zakwaterowania w\u0142a\u015bciwie nie by\u0142o rzeczy ani sytuacji na kt\u00f3re mogliby\u015bmy narzeka\u0107, jedzenie by\u0142o smaczne i nie brakowa\u0142o go, zawsze kiedy jechali\u015bmy gdzie\u015b na wycieczk\u0119, Alejandra pakowa\u0142a nam kanapki i wod\u0119 jako prowiant.\u00a0<\/p><p>Zakwaterowanie u Blanci i Alejandry, pod czujnym okiem Queso i Milo, by\u0142o jednym z najlepszych naszych do\u015bwiadcze\u0144 w czasie projektu. Rodzina by\u0142a bardzo mi\u0142a, nie brakowa\u0142o nam niczego, cz\u0119sto s\u0142u\u017cy\u0142y nam rad\u0105 i anegdotkami z hiszpa\u0144skiego \u017cycia codziennego.<\/p><p>\u00a0<\/p><p>~ Jon Dominik, Michalak Piotr<\/p>\t\t\t\t\t\t<\/div>\n\t\t\t\t<\/div>\n\t\t\t\t\t<\/div>\n\t\t<\/div>\n\t\t\t\t\t\t\t<\/div>\n\t\t<\/section>\n\t\t\t\t\t\t\t<\/div>\n\t\t","protected":false},"excerpt":{"rendered":"<p>Dominik Jon Hola! Nazywam si\u0119 Dominik i jestem uczniem 3 klasy informatycznej A. Regularnie chodz\u0119 na si\u0142owni\u0119, lubi\u0119 pisa\u0107 strony oraz gra\u0107 w gry komputerowe. W Hiszpanii zajmuj\u0119 si\u0119 tym, co lubi\u0119 najbardziej, czyli tworzeniem stron internetowych, g\u0142\u00f3wnie za pomoc\u0105 narz\u0119dzia WordPress. Opinia o praktyce: Te 4 tygodnie w hiszpa\u0144skiej Sewilli by\u0142y bardzo dobrze sp\u0119dzonym [&hellip;]<\/p>\n","protected":false},"author":1,"featured_media":0,"parent":0,"menu_order":0,"comment_status":"closed","ping_status":"closed","template":"","meta":{"footnotes":""},"class_list":["post-1253","page","type-page","status-publish","hentry","entry"],"_links":{"self":[{"href":"http:\/\/erasmus2021.6cultures1tech.eu\/index.php?rest_route=\/wp\/v2\/pages\/1253","targetHints":{"allow":["GET"]}}],"collection":[{"href":"http:\/\/erasmus2021.6cultures1tech.eu\/index.php?rest_route=\/wp\/v2\/pages"}],"about":[{"href":"http:\/\/erasmus2021.6cultures1tech.eu\/index.php?rest_route=\/wp\/v2\/types\/page"}],"author":[{"embeddable":true,"href":"http:\/\/erasmus2021.6cultures1tech.eu\/index.php?rest_route=\/wp\/v2\/users\/1"}],"replies":[{"embeddable":true,"href":"http:\/\/erasmus2021.6cultures1tech.eu\/index.php?rest_route=%2Fwp%2Fv2%2Fcomments&post=1253"}],"version-history":[{"count":25,"href":"http:\/\/erasmus2021.6cultures1tech.eu\/index.php?rest_route=\/wp\/v2\/pages\/1253\/revisions"}],"predecessor-version":[{"id":3211,"href":"http:\/\/erasmus2021.6cultures1tech.eu\/index.php?rest_route=\/wp\/v2\/pages\/1253\/revisions\/3211"}],"wp:attachment":[{"href":"http:\/\/erasmus2021.6cultures1tech.eu\/index.php?rest_route=%2Fwp%2Fv2%2Fmedia&parent=1253"}],"curies":[{"name":"wp","href":"https:\/\/api.w.org\/{rel}","templated":true}]}}