{"id":1290,"date":"2022-11-02T17:06:43","date_gmt":"2022-11-02T16:06:43","guid":{"rendered":"https:\/\/localhost\/wordpress\/?page_id=1290"},"modified":"2022-12-09T17:05:52","modified_gmt":"2022-12-09T16:05:52","slug":"szczyrbowski-gr2","status":"publish","type":"page","link":"http:\/\/erasmus2021.6cultures1tech.eu\/?page_id=1290","title":{"rendered":"Szczyrbowski gr2"},"content":{"rendered":"\t\t<div data-elementor-type=\"wp-page\" data-elementor-id=\"1290\" class=\"elementor elementor-1290\">\n\t\t\t\t\t\t\t\t\t<section class=\"elementor-section elementor-top-section elementor-element elementor-element-0c337fc elementor-section-height-min-height elementor-section-boxed elementor-section-height-default elementor-section-items-middle\" data-id=\"0c337fc\" data-element_type=\"section\" data-settings=\"{&quot;background_background&quot;:&quot;classic&quot;}\">\n\t\t\t\t\t\t<div class=\"elementor-container elementor-column-gap-default\">\n\t\t\t\t\t<div class=\"elementor-column elementor-col-50 elementor-top-column elementor-element elementor-element-f396af0\" data-id=\"f396af0\" data-element_type=\"column\">\n\t\t\t<div class=\"elementor-widget-wrap elementor-element-populated\">\n\t\t\t\t\t\t\t\t<div class=\"elementor-element elementor-element-0dde18c elementor-widget elementor-widget-heading\" data-id=\"0dde18c\" data-element_type=\"widget\" data-widget_type=\"heading.default\">\n\t\t\t\t<div class=\"elementor-widget-container\">\n\t\t\t<style>\/*! elementor - v3.10.1 - 17-01-2023 *\/\n.elementor-heading-title{padding:0;margin:0;line-height:1}.elementor-widget-heading .elementor-heading-title[class*=elementor-size-]>a{color:inherit;font-size:inherit;line-height:inherit}.elementor-widget-heading .elementor-heading-title.elementor-size-small{font-size:15px}.elementor-widget-heading .elementor-heading-title.elementor-size-medium{font-size:19px}.elementor-widget-heading .elementor-heading-title.elementor-size-large{font-size:29px}.elementor-widget-heading .elementor-heading-title.elementor-size-xl{font-size:39px}.elementor-widget-heading .elementor-heading-title.elementor-size-xxl{font-size:59px}<\/style><h2 class=\"elementor-heading-title elementor-size-default\">Filip Szczyrbowski<\/h2>\t\t<\/div>\n\t\t\t\t<\/div>\n\t\t\t\t<section class=\"elementor-section elementor-inner-section elementor-element elementor-element-91d7dc4 elementor-section-boxed elementor-section-height-default elementor-section-height-default\" data-id=\"91d7dc4\" data-element_type=\"section\">\n\t\t\t\t\t\t<div class=\"elementor-container elementor-column-gap-default\">\n\t\t\t\t\t<div class=\"elementor-column elementor-col-100 elementor-inner-column elementor-element elementor-element-1b6dc91\" data-id=\"1b6dc91\" data-element_type=\"column\">\n\t\t\t<div class=\"elementor-widget-wrap elementor-element-populated\">\n\t\t\t\t\t\t\t\t<div class=\"elementor-element elementor-element-aab1346 elementor-widget elementor-widget-heading\" data-id=\"aab1346\" data-element_type=\"widget\" data-widget_type=\"heading.default\">\n\t\t\t\t<div class=\"elementor-widget-container\">\n\t\t\t<h2 class=\"elementor-heading-title elementor-size-default\">Nazywam si\u0119 Filip Szczyrbowski. Ucz\u0119szczam do 3 klasy Zespo\u0142u Szk\u00f3\u0142 Technicznych w Bytomiu o profilu informatycznym. Kierunek jest zgodny z moimi zainteresowaniami zawodowymi - bran\u017ca IT, programowanie, nowoczesne technologie. W wolnym czasie uprawiam tr\u00f3jb\u00f3j si\u0142owy. \nPraktyki w Hiszpanii umo\u017cliwi\u0142y mi rozw\u00f3j zainteresowa\u0144 zgodnych z profilem nauki, da\u0142y przestrze\u0144 do pracy w bran\u017cy informatycznej, a tak\u017ce pozwoli\u0142y pozna\u0107 j\u0119zyk hiszpa\u0144ski i eksplorowa\u0107 now\u0105 kultur\u0119.\n<\/h2>\t\t<\/div>\n\t\t\t\t<\/div>\n\t\t\t\t\t<\/div>\n\t\t<\/div>\n\t\t\t\t\t\t\t<\/div>\n\t\t<\/section>\n\t\t\t\t\t<\/div>\n\t\t<\/div>\n\t\t\t\t<div class=\"elementor-column elementor-col-50 elementor-top-column elementor-element elementor-element-1bb1b7a\" data-id=\"1bb1b7a\" data-element_type=\"column\">\n\t\t\t<div class=\"elementor-widget-wrap elementor-element-populated\">\n\t\t\t\t\t\t\t\t<div class=\"elementor-element elementor-element-05cc400 elementor-widget elementor-widget-image\" data-id=\"05cc400\" data-element_type=\"widget\" data-widget_type=\"image.default\">\n\t\t\t\t<div class=\"elementor-widget-container\">\n\t\t\t<style>\/*! elementor - v3.10.1 - 17-01-2023 *\/\n.elementor-widget-image{text-align:center}.elementor-widget-image a{display:inline-block}.elementor-widget-image a img[src$=\".svg\"]{width:48px}.elementor-widget-image img{vertical-align:middle;display:inline-block}<\/style>\t\t\t\t\t\t\t\t\t\t\t\t<img loading=\"lazy\" decoding=\"async\" width=\"577\" height=\"1024\" src=\"http:\/\/erasmus2021.6cultures1tech.eu\/wp-content\/uploads\/2022\/12\/Szczyrbowski_Easy-Resize.com_-577x1024.jpg\" class=\"attachment-large size-large wp-image-3144\" alt=\"\" srcset=\"http:\/\/erasmus2021.6cultures1tech.eu\/wp-content\/uploads\/2022\/12\/Szczyrbowski_Easy-Resize.com_-577x1024.jpg 577w, http:\/\/erasmus2021.6cultures1tech.eu\/wp-content\/uploads\/2022\/12\/Szczyrbowski_Easy-Resize.com_-169x300.jpg 169w, http:\/\/erasmus2021.6cultures1tech.eu\/wp-content\/uploads\/2022\/12\/Szczyrbowski_Easy-Resize.com_.jpg 721w\" sizes=\"auto, (max-width: 577px) 100vw, 577px\" \/>\t\t\t\t\t\t\t\t\t\t\t\t\t\t\t<\/div>\n\t\t\t\t<\/div>\n\t\t\t\t\t<\/div>\n\t\t<\/div>\n\t\t\t\t\t\t\t<\/div>\n\t\t<\/section>\n\t\t\t\t<section class=\"elementor-section elementor-top-section elementor-element elementor-element-054b91a elementor-section-boxed elementor-section-height-default elementor-section-height-default\" data-id=\"054b91a\" data-element_type=\"section\">\n\t\t\t\t\t\t<div class=\"elementor-container elementor-column-gap-default\">\n\t\t\t\t\t<div class=\"elementor-column elementor-col-100 elementor-top-column elementor-element elementor-element-0a7d983\" data-id=\"0a7d983\" data-element_type=\"column\">\n\t\t\t<div class=\"elementor-widget-wrap elementor-element-populated\">\n\t\t\t\t\t\t\t\t<section class=\"elementor-section elementor-inner-section elementor-element elementor-element-d58d46e elementor-section-boxed elementor-section-height-default elementor-section-height-default\" data-id=\"d58d46e\" data-element_type=\"section\">\n\t\t\t\t\t\t<div class=\"elementor-container elementor-column-gap-default\">\n\t\t\t\t\t<div class=\"elementor-column elementor-col-100 elementor-inner-column elementor-element elementor-element-63458db\" data-id=\"63458db\" data-element_type=\"column\">\n\t\t\t<div class=\"elementor-widget-wrap elementor-element-populated\">\n\t\t\t\t\t\t\t\t<div class=\"elementor-element elementor-element-114c91a elementor-widget elementor-widget-heading\" data-id=\"114c91a\" data-element_type=\"widget\" data-widget_type=\"heading.default\">\n\t\t\t\t<div class=\"elementor-widget-container\">\n\t\t\t<h2 class=\"elementor-heading-title elementor-size-default\">Opinia o praktyce:<\/h2>\t\t<\/div>\n\t\t\t\t<\/div>\n\t\t\t\t<div class=\"elementor-element elementor-element-d07ce63 elementor-widget elementor-widget-text-editor\" data-id=\"d07ce63\" data-element_type=\"widget\" data-widget_type=\"text-editor.default\">\n\t\t\t\t<div class=\"elementor-widget-container\">\n\t\t\t<style>\/*! elementor - v3.10.1 - 17-01-2023 *\/\n.elementor-widget-text-editor.elementor-drop-cap-view-stacked .elementor-drop-cap{background-color:#818a91;color:#fff}.elementor-widget-text-editor.elementor-drop-cap-view-framed .elementor-drop-cap{color:#818a91;border:3px solid;background-color:transparent}.elementor-widget-text-editor:not(.elementor-drop-cap-view-default) .elementor-drop-cap{margin-top:8px}.elementor-widget-text-editor:not(.elementor-drop-cap-view-default) .elementor-drop-cap-letter{width:1em;height:1em}.elementor-widget-text-editor .elementor-drop-cap{float:left;text-align:center;line-height:1;font-size:50px}.elementor-widget-text-editor .elementor-drop-cap-letter{display:inline-block}<\/style>\t\t\t\t<p>Erasmusowska praktyka to dla mnie wielka przygoda, ciekawe do\u015bwiadczenie, kt\u00f3re niew\u0105tpliwie przyda mi si\u0119 w wykonywaniu mojego zawodu.<\/p><p>Dzi\u0119ki nauce j\u0119zyka hiszpa\u0144skiego w Polsce, jej kontynuacji w Hiszpanii oraz rozmowach z mieszka\u0144cami tego pi\u0119knego kraju, pozna\u0142em podstawy kolejnego j\u0119zyka obcego. Zdziwi\u0142em si\u0119, \u017ce wcale nie potrzeba zna\u0107 perfekcyjnie j\u0119zyka &#8211; wystarcz\u0105 podstawy, do codziennej komunikacji. Pod koniec czwartego tygodnia zauwa\u017cy\u0142em, \u017ce coraz sprawniej pos\u0142uguj\u0119 si\u0119 j\u0119zykiem hiszpa\u0144skim. Pozwoli\u0142o mi to na lepszy kontakt z rdzennymi mieszka\u0144cami podczas wykonywania praktyki jak i w czasie wolnym.\u00a0<\/p><p>Dzi\u0119ki wycieczkom na Gibraltar, do Kadyksu, na piaszczyst\u0105 pla\u017c\u0119 Matalasca\u00f1as oraz zwiedzaniu samej Sewilli pozna\u0142em przepi\u0119kne miejsca, wspania\u0142e zabytki oraz histori\u0119 innego kraju. Pozna\u0142em r\u00f3wnie\u017c tutejsze zwyczaje jak r\u00f3wnie\u017c kuchni\u0119.<\/p><p>W czasie wolnym pozna\u0142em wielu ludzi z innych kraj\u00f3w, kt\u00f3rzy tak jak ja skorzystali z mo\u017cliwo\u015bci odbycia praktyki w projekcie Erasmus+. Wsp\u00f3lne rozmowy poszerzy\u0142y moj\u0105 wiedz\u0119 o \u015bwiecie oraz o \u017cyciu moich r\u00f3wie\u015bnik\u00f3w w innych krajach.<\/p><p>Codzienna praca w serwisie komputerowym gdzie odbywa\u0142em praktyk\u0119, pozwoli\u0142a mi na poznanie nowego sprz\u0119tu, sposob\u00f3w jego naprawy oraz poszerzy\u0142a moj\u0105 wiedze na temat oprogramowania oraz jego instalowania.\u00a0<\/p><p>Uwa\u017cam, \u017ce uczestnictwo w programie Erasmus+ przyczyni si\u0119 do pozytywnego rozwoju mojej kariery naukowej i zawodowej. Szczerze polecam innym uczniom my\u015bl\u0105cym o wyje\u017adzie uczestnictwo w programie Erasmus+. Jest to idealna okazja do sprawdzenia swoich umiej\u0119tno\u015bci i bardzo dobry egzamin samodzielno\u015bci, kt\u00f3r\u0105 ka\u017cdy z nas wykazuje w codziennym \u017cyciu.<\/p>\t\t\t\t\t\t<\/div>\n\t\t\t\t<\/div>\n\t\t\t\t\t<\/div>\n\t\t<\/div>\n\t\t\t\t\t\t\t<\/div>\n\t\t<\/section>\n\t\t\t\t<div class=\"elementor-element elementor-element-8c05044 elementor-widget elementor-widget-heading\" data-id=\"8c05044\" data-element_type=\"widget\" data-widget_type=\"heading.default\">\n\t\t\t\t<div class=\"elementor-widget-container\">\n\t\t\t<h2 class=\"elementor-heading-title elementor-size-default\">Praca:<\/h2>\t\t<\/div>\n\t\t\t\t<\/div>\n\t\t\t\t<div class=\"elementor-element elementor-element-965f0e7 elementor-widget elementor-widget-text-editor\" data-id=\"965f0e7\" data-element_type=\"widget\" data-widget_type=\"text-editor.default\">\n\t\t\t\t<div class=\"elementor-widget-container\">\n\t\t\t\t\t\t\t<p>Pracuj\u0119 w serwisie komputerowym App Informatica, kt\u00f3ry mie\u015bci si\u0119 w samym sercu miasta. Doj\u015bcie do pracy zajmuje mi jakie\u015b 20 minut id\u0105c spokojnym krokiem, tak\u017ce nie mam na co narzeka\u0107. Zawsze w drodze do pracy mijam pi\u0119kny most Puente de San Telmo, a o tej godzinie s\u0142oneczko ju\u017c przyjemnie grzeje. Nast\u0119pnie przechodz\u0119 obok wspania\u0142ej fontanny de Los Poetas, a kawa\u0142ek dalej mijam monument Krzysztofa Kolumba. Pracuj\u0119 od godziny 9:00 do 15:00. W serwisie jest nas pi\u0119ciu. Nasz szef nazywa si\u0119 Alfonso, kt\u00f3ry na szcz\u0119\u015bcie zna angielski, wi\u0119c potrafimy si\u0119 dogada\u0107. W pracy zajmuj\u0119 si\u0119 prostymi zadaniami serwisowymi, takimi jak instalacja Windowsa, wymianami dysk\u00f3w i diagnostyk\u0105 niedzia\u0142aj\u0105cego sprz\u0119tu. Instaluj\u0119 r\u00f3wnie\u017c pakiety biurowe oraz konfiguruj\u0119 system zgodnie z wymaganiami klienta. Zawsze czuwa nade mn\u0105 drugi pracownik o imieniu Alberto, kt\u00f3ry nadzoruje to co robi\u0119 i w miar\u0119 mo\u017cliwo\u015bci m\u00f3wi mi co mog\u0119 poprawi\u0107. W wolnej chwili rozmawiam z Alberto na temat gier, bo tak jak ja jest zapalonym graczem, a naszym g\u0142\u00f3wnym tematem dyskusji jest League of Legends. Praca w serwisie jest bardzo przyjemna, co wynika z mi\u0142ej atmosfery i profesjonalnej kadry. Czuj\u0119, \u017ce praktyka w App Informatica przyniesie mi du\u017co niezapomnianych do\u015bwiadcze\u0144 zawodowych, kt\u00f3re b\u0119d\u0119 m\u00f3g\u0142 wykorzysta\u0107 w przysz\u0142o\u015bci.<\/p>\t\t\t\t\t\t<\/div>\n\t\t\t\t<\/div>\n\t\t\t\t<div class=\"elementor-element elementor-element-d02da41 elementor-widget elementor-widget-heading\" data-id=\"d02da41\" data-element_type=\"widget\" data-widget_type=\"heading.default\">\n\t\t\t\t<div class=\"elementor-widget-container\">\n\t\t\t<h2 class=\"elementor-heading-title elementor-size-default\">Zakwaterowanie:<\/h2>\t\t<\/div>\n\t\t\t\t<\/div>\n\t\t\t\t<div class=\"elementor-element elementor-element-75742d1 elementor-widget elementor-widget-text-editor\" data-id=\"75742d1\" data-element_type=\"widget\" data-widget_type=\"text-editor.default\">\n\t\t\t\t<div class=\"elementor-widget-container\">\n\t\t\t\t\t\t\t<p>W czw\u00f3rk\u0119 mieszkamy w mieszkaniu na Trianie, a dok\u0142adniej na Calle Rosario Vega, w\u0142a\u015bcicielem mieszkania jest Alfredo. Alfredo jest cz\u0142owiekiem bardzo mi\u0142ym oraz ma poczucie humoru. Przy przyje\u017adzie opr\u00f3cz niego poznali\u015bmy r\u00f3wnie\u017c Alfonso \u2013 jego syna oraz Elvisa \u2013 jego psa. Syn nie jest zbyt rozmowny, a nawet je\u017celi by by\u0142 to nie widzimy si\u0119 z nim zbyt cz\u0119sto. Pies natomiast wita nas przy ka\u017cdym po powrocie do domu (po kilku dniach zacz\u0119li\u015bmy przed nim ucieka\u0107, poniewa\u017c bardzo lubi liza\u0107 nas po nogach). Jedyny problem jaki napotkali\u015bmy mieszkaj\u0105c tutaj to bariera j\u0119zykowa \u2013 my nie znamy hiszpa\u0144skiego, a oni angielskiego. Przez ca\u0142y czas komunikujemy si\u0119 za pomoc\u0105 translatora oraz gest\u00f3w, chocia\u017c Dawid jako jedyny jako tako potrafi si\u0119 z nim dogada\u0107 i cz\u0119sto rozmawiaj\u0105 sobie o sporcie. Alfredo jest zagorza\u0142ym fanem klubu pi\u0142karskiego Sevilla FC, mamy nawet flag\u0119 w pokoju z meczu Ligi Europy z roku 2016, kiedy Sevilla FC gra\u0142a z Szachtarem Donieck.<\/p>\n<p>Teraz opiszemy nasz pok\u00f3j \u2013 mieszkamy w czteroosobowym pomieszczeniu, mamy trzy \u0142\u00f3zka, z czego jedno jest pi\u0119trowe. Wymiary w przybli\u017ceniu to 3x4m, tak\u017ce nie jest on najwi\u0119kszy, jednak jako\u015b \u017cyjemy i nie ma z tym wi\u0119kszych problem\u00f3w. Poza nami mieszka tutaj dw\u00f3ch W\u0142och\u00f3w oraz jeden student z Kolorado \u2013 niestety nie mo\u017cemy opisa\u0107 ich pokoi, bo tam nie wchodzimy.<\/p>\n<p>Przechodz\u0105c do kuchni \u2013 jemy tutaj bardzo dobrze. \u015aniadania musimy robi\u0107 sobie sami, bo kiedy wstajemy to nikogo nie ma w domu, natomiast obiad i kolacja zawsze s\u0105 przygotowane \u2013 jedno danie oko\u0142o 15, a drugie oko\u0142o 21. Wszystkim nam smakuje kuchnia hiszpa\u0144ska, chocia\u017c zaczynamy t\u0119skni\u0107 za polskimi przysmakami.<\/p><p>~ Nazarko Krzysztof, Paduch Dawid, Szczyrbowski Filip, Tomera Szymon<br><br><\/p>\t\t\t\t\t\t<\/div>\n\t\t\t\t<\/div>\n\t\t\t\t\t<\/div>\n\t\t<\/div>\n\t\t\t\t\t\t\t<\/div>\n\t\t<\/section>\n\t\t\t\t\t\t\t<\/div>\n\t\t","protected":false},"excerpt":{"rendered":"<p>Filip Szczyrbowski Nazywam si\u0119 Filip Szczyrbowski. Ucz\u0119szczam do 3 klasy Zespo\u0142u Szk\u00f3\u0142 Technicznych w Bytomiu o profilu informatycznym. Kierunek jest zgodny z moimi zainteresowaniami zawodowymi &#8211; bran\u017ca IT, programowanie, nowoczesne technologie. W wolnym czasie uprawiam tr\u00f3jb\u00f3j si\u0142owy. Praktyki w Hiszpanii umo\u017cliwi\u0142y mi rozw\u00f3j zainteresowa\u0144 zgodnych z profilem nauki, da\u0142y przestrze\u0144 do pracy w bran\u017cy informatycznej, [&hellip;]<\/p>\n","protected":false},"author":1,"featured_media":0,"parent":0,"menu_order":0,"comment_status":"closed","ping_status":"closed","template":"","meta":{"footnotes":""},"class_list":["post-1290","page","type-page","status-publish","hentry","entry"],"_links":{"self":[{"href":"http:\/\/erasmus2021.6cultures1tech.eu\/index.php?rest_route=\/wp\/v2\/pages\/1290","targetHints":{"allow":["GET"]}}],"collection":[{"href":"http:\/\/erasmus2021.6cultures1tech.eu\/index.php?rest_route=\/wp\/v2\/pages"}],"about":[{"href":"http:\/\/erasmus2021.6cultures1tech.eu\/index.php?rest_route=\/wp\/v2\/types\/page"}],"author":[{"embeddable":true,"href":"http:\/\/erasmus2021.6cultures1tech.eu\/index.php?rest_route=\/wp\/v2\/users\/1"}],"replies":[{"embeddable":true,"href":"http:\/\/erasmus2021.6cultures1tech.eu\/index.php?rest_route=%2Fwp%2Fv2%2Fcomments&post=1290"}],"version-history":[{"count":19,"href":"http:\/\/erasmus2021.6cultures1tech.eu\/index.php?rest_route=\/wp\/v2\/pages\/1290\/revisions"}],"predecessor-version":[{"id":3196,"href":"http:\/\/erasmus2021.6cultures1tech.eu\/index.php?rest_route=\/wp\/v2\/pages\/1290\/revisions\/3196"}],"wp:attachment":[{"href":"http:\/\/erasmus2021.6cultures1tech.eu\/index.php?rest_route=%2Fwp%2Fv2%2Fmedia&parent=1290"}],"curies":[{"name":"wp","href":"https:\/\/api.w.org\/{rel}","templated":true}]}}