{"id":1303,"date":"2022-11-02T17:11:34","date_gmt":"2022-11-02T16:11:34","guid":{"rendered":"https:\/\/localhost\/wordpress\/?page_id=1303"},"modified":"2022-12-09T17:05:39","modified_gmt":"2022-12-09T16:05:39","slug":"tomera-gr2","status":"publish","type":"page","link":"http:\/\/erasmus2021.6cultures1tech.eu\/?page_id=1303","title":{"rendered":"Tomera Gr2"},"content":{"rendered":"\t\t<div data-elementor-type=\"wp-page\" data-elementor-id=\"1303\" class=\"elementor elementor-1303\">\n\t\t\t\t\t\t\t\t\t<section class=\"elementor-section elementor-top-section elementor-element elementor-element-3286197 elementor-section-height-min-height elementor-section-boxed elementor-section-height-default elementor-section-items-middle\" data-id=\"3286197\" data-element_type=\"section\" data-settings=\"{&quot;background_background&quot;:&quot;classic&quot;}\">\n\t\t\t\t\t\t<div class=\"elementor-container elementor-column-gap-default\">\n\t\t\t\t\t<div class=\"elementor-column elementor-col-50 elementor-top-column elementor-element elementor-element-7029fa4\" data-id=\"7029fa4\" data-element_type=\"column\">\n\t\t\t<div class=\"elementor-widget-wrap elementor-element-populated\">\n\t\t\t\t\t\t\t\t<div class=\"elementor-element elementor-element-80f7717 elementor-widget elementor-widget-heading\" data-id=\"80f7717\" data-element_type=\"widget\" data-widget_type=\"heading.default\">\n\t\t\t\t<div class=\"elementor-widget-container\">\n\t\t\t<style>\/*! elementor - v3.10.1 - 17-01-2023 *\/\n.elementor-heading-title{padding:0;margin:0;line-height:1}.elementor-widget-heading .elementor-heading-title[class*=elementor-size-]>a{color:inherit;font-size:inherit;line-height:inherit}.elementor-widget-heading .elementor-heading-title.elementor-size-small{font-size:15px}.elementor-widget-heading .elementor-heading-title.elementor-size-medium{font-size:19px}.elementor-widget-heading .elementor-heading-title.elementor-size-large{font-size:29px}.elementor-widget-heading .elementor-heading-title.elementor-size-xl{font-size:39px}.elementor-widget-heading .elementor-heading-title.elementor-size-xxl{font-size:59px}<\/style><h2 class=\"elementor-heading-title elementor-size-default\">Szymon Tomera<\/h2>\t\t<\/div>\n\t\t\t\t<\/div>\n\t\t\t\t<section class=\"elementor-section elementor-inner-section elementor-element elementor-element-e991024 elementor-section-boxed elementor-section-height-default elementor-section-height-default\" data-id=\"e991024\" data-element_type=\"section\">\n\t\t\t\t\t\t<div class=\"elementor-container elementor-column-gap-default\">\n\t\t\t\t\t<div class=\"elementor-column elementor-col-100 elementor-inner-column elementor-element elementor-element-2621b8d\" data-id=\"2621b8d\" data-element_type=\"column\">\n\t\t\t<div class=\"elementor-widget-wrap elementor-element-populated\">\n\t\t\t\t\t\t\t\t<div class=\"elementor-element elementor-element-670f9b7 elementor-widget elementor-widget-heading\" data-id=\"670f9b7\" data-element_type=\"widget\" data-widget_type=\"heading.default\">\n\t\t\t\t<div class=\"elementor-widget-container\">\n\t\t\t<h2 class=\"elementor-heading-title elementor-size-default\">Nazywam si\u0119 Szymon, specjalizacj\u0105 w kt\u00f3rej si\u0119 kszta\u0142c\u0119 jest szeroko poj\u0119te IT. Komputerami interesowa\u0142em si\u0119 od ma\u0142ego. Sw\u00f3j wolny czas uwielbiam sp\u0119dza\u0107 z przyjaci\u00f3\u0142mi. Program Erasmus+ pozwoli\u0142 mi nabra\u0107 jeszcze wi\u0119kszych do\u015bwiadcze\u0144, nie tylko z bran\u017c\u0105 informatyczn\u0105, ale tak\u017ce z prze\u0142amywaniem barier komunikacyjnych mi\u0119dzy lud\u017ami z innego pa\u0144stwa, a tak\u017ce poznanie lokalnej kultury.\n<\/h2>\t\t<\/div>\n\t\t\t\t<\/div>\n\t\t\t\t\t<\/div>\n\t\t<\/div>\n\t\t\t\t\t\t\t<\/div>\n\t\t<\/section>\n\t\t\t\t\t<\/div>\n\t\t<\/div>\n\t\t\t\t<div class=\"elementor-column elementor-col-50 elementor-top-column elementor-element elementor-element-9471111\" data-id=\"9471111\" data-element_type=\"column\">\n\t\t\t<div class=\"elementor-widget-wrap elementor-element-populated\">\n\t\t\t\t\t\t\t\t<div class=\"elementor-element elementor-element-6a77bc3 elementor-widget elementor-widget-image\" data-id=\"6a77bc3\" data-element_type=\"widget\" data-widget_type=\"image.default\">\n\t\t\t\t<div class=\"elementor-widget-container\">\n\t\t\t<style>\/*! elementor - v3.10.1 - 17-01-2023 *\/\n.elementor-widget-image{text-align:center}.elementor-widget-image a{display:inline-block}.elementor-widget-image a img[src$=\".svg\"]{width:48px}.elementor-widget-image img{vertical-align:middle;display:inline-block}<\/style>\t\t\t\t\t\t\t\t\t\t\t\t<img loading=\"lazy\" decoding=\"async\" width=\"577\" height=\"1024\" src=\"http:\/\/erasmus2021.6cultures1tech.eu\/wp-content\/uploads\/2022\/12\/Tomera_Easy-Resize.com_-577x1024.jpg\" class=\"attachment-large size-large wp-image-3145\" alt=\"\" srcset=\"http:\/\/erasmus2021.6cultures1tech.eu\/wp-content\/uploads\/2022\/12\/Tomera_Easy-Resize.com_-577x1024.jpg 577w, http:\/\/erasmus2021.6cultures1tech.eu\/wp-content\/uploads\/2022\/12\/Tomera_Easy-Resize.com_-169x300.jpg 169w, http:\/\/erasmus2021.6cultures1tech.eu\/wp-content\/uploads\/2022\/12\/Tomera_Easy-Resize.com_.jpg 721w\" sizes=\"auto, (max-width: 577px) 100vw, 577px\" \/>\t\t\t\t\t\t\t\t\t\t\t\t\t\t\t<\/div>\n\t\t\t\t<\/div>\n\t\t\t\t\t<\/div>\n\t\t<\/div>\n\t\t\t\t\t\t\t<\/div>\n\t\t<\/section>\n\t\t\t\t<section class=\"elementor-section elementor-top-section elementor-element elementor-element-16ea42c elementor-section-boxed elementor-section-height-default elementor-section-height-default\" data-id=\"16ea42c\" data-element_type=\"section\">\n\t\t\t\t\t\t<div class=\"elementor-container elementor-column-gap-default\">\n\t\t\t\t\t<div class=\"elementor-column elementor-col-100 elementor-top-column elementor-element elementor-element-9f11f87\" data-id=\"9f11f87\" data-element_type=\"column\">\n\t\t\t<div class=\"elementor-widget-wrap elementor-element-populated\">\n\t\t\t\t\t\t\t\t<section class=\"elementor-section elementor-inner-section elementor-element elementor-element-6656258 elementor-section-boxed elementor-section-height-default elementor-section-height-default\" data-id=\"6656258\" data-element_type=\"section\">\n\t\t\t\t\t\t<div class=\"elementor-container elementor-column-gap-default\">\n\t\t\t\t\t<div class=\"elementor-column elementor-col-100 elementor-inner-column elementor-element elementor-element-0006ad9\" data-id=\"0006ad9\" data-element_type=\"column\">\n\t\t\t<div class=\"elementor-widget-wrap elementor-element-populated\">\n\t\t\t\t\t\t\t\t<div class=\"elementor-element elementor-element-d5f78e0 elementor-widget elementor-widget-heading\" data-id=\"d5f78e0\" data-element_type=\"widget\" data-widget_type=\"heading.default\">\n\t\t\t\t<div class=\"elementor-widget-container\">\n\t\t\t<h2 class=\"elementor-heading-title elementor-size-default\">Opinia o praktyce:<\/h2>\t\t<\/div>\n\t\t\t\t<\/div>\n\t\t\t\t<div class=\"elementor-element elementor-element-20884aa elementor-widget elementor-widget-text-editor\" data-id=\"20884aa\" data-element_type=\"widget\" data-widget_type=\"text-editor.default\">\n\t\t\t\t<div class=\"elementor-widget-container\">\n\t\t\t<style>\/*! elementor - v3.10.1 - 17-01-2023 *\/\n.elementor-widget-text-editor.elementor-drop-cap-view-stacked .elementor-drop-cap{background-color:#818a91;color:#fff}.elementor-widget-text-editor.elementor-drop-cap-view-framed .elementor-drop-cap{color:#818a91;border:3px solid;background-color:transparent}.elementor-widget-text-editor:not(.elementor-drop-cap-view-default) .elementor-drop-cap{margin-top:8px}.elementor-widget-text-editor:not(.elementor-drop-cap-view-default) .elementor-drop-cap-letter{width:1em;height:1em}.elementor-widget-text-editor .elementor-drop-cap{float:left;text-align:center;line-height:1;font-size:50px}.elementor-widget-text-editor .elementor-drop-cap-letter{display:inline-block}<\/style>\t\t\t\t<p>Praktyki w Hiszpanii to bardzo mi\u0142e prze\u017cycie, kt\u00f3re z pewno\u015bci\u0105 b\u0119d\u0119 ciep\u0142o wspomina\u0142. Pobyt w Sewilli wiele mnie nauczy\u0142, polepszy\u0142em sw\u00f3j j\u0119zyk angielski, pod\u0142apa\u0142em troch\u0119 j\u0119zyka hiszpa\u0144skiego, ale co najwa\u017cniejsze du\u017co nauczy\u0142em si\u0119 o swoim zawodzie. Serwis w kt\u00f3rym pracowa\u0142em zawsze mia\u0142 pe\u0142no zada\u0144, z kt\u00f3rymi sukcesywnie si\u0119 mierzy\u0142em. Pogoda w Hiszpanii by\u0142a pi\u0119kna, s\u0142o\u0144ce towarzyszy\u0142o od rana do wieczora. Kuchnia hiszpa\u0144ska r\u00f3wnie\u017c jest wa\u017cnym elementem, bardzo si\u0119 r\u00f3\u017cni od polskiej, nie m\u00f3wi\u0105c \u017ce to minus, jest po prostu inna i warta spr\u00f3bowania. Je\u017celi b\u0119d\u0119 mia\u0142 kiedy\u015b okazj\u0119 znowu polecie\u0107 w okolice Andaluzji, to wr\u00f3c\u0119 tu z u\u015bmiechem na twarzy.<\/p><p><br \/><br \/><\/p>\t\t\t\t\t\t<\/div>\n\t\t\t\t<\/div>\n\t\t\t\t\t<\/div>\n\t\t<\/div>\n\t\t\t\t\t\t\t<\/div>\n\t\t<\/section>\n\t\t\t\t<div class=\"elementor-element elementor-element-4722246 elementor-widget elementor-widget-heading\" data-id=\"4722246\" data-element_type=\"widget\" data-widget_type=\"heading.default\">\n\t\t\t\t<div class=\"elementor-widget-container\">\n\t\t\t<h2 class=\"elementor-heading-title elementor-size-default\">Praca:<\/h2>\t\t<\/div>\n\t\t\t\t<\/div>\n\t\t\t\t<div class=\"elementor-element elementor-element-353898b elementor-widget elementor-widget-text-editor\" data-id=\"353898b\" data-element_type=\"widget\" data-widget_type=\"text-editor.default\">\n\t\t\t\t<div class=\"elementor-widget-container\">\n\t\t\t\t\t\t\t<p>Serwis w kt\u00f3rym pracuj\u0119 nosi nazw\u0119 Zackro PC, znajduje si\u0119 on na obrze\u017cach Sewilli. Zwykle pracuj\u0119 6h w ci\u0105gu dnia, dwa razy w tygodniu mam dwie dodatkowe zmiany. Dzie\u0144 swojej pracy zaczynam od podr\u00f3\u017cy metrem, a potem przesiadk\u0105 na autobus. Wysiadam na przystanku niedaleko serwisu w kt\u00f3rym pracuj\u0119. W pracy jestem ja i m\u00f3j szef, pracujemy we dw\u00f3jk\u0119. Zajmuj\u0119 si\u0119 serwisowaniem komputer\u00f3w, formatowaniem dysk\u00f3w, instalacj\u0105 system\u00f3w, wymian\u0105 dysk\u00f3w twardych, zasilaczy, napraw\u0105 konsol do gier (ostatnio na przyk\u0142ad w r\u0119ce wpad\u0142o mi PS4 i Nintendo Switch), a tak\u017ce odkurzaniem komputera od \u015brodka, czy te\u017c zwyk\u0142ym serwisowaniem telefon\u00f3w (wymiana ekranu, twardy reset). Wymieniam r\u00f3wnie\u017c ekrany w laptopach. Mia\u0142em te\u017c okazj\u0119 zaj\u0105\u0107 si\u0119 konfiguracj\u0105 lokalizatora GPS. Atmosfera w serwisie jest bardzo przyjemna, szef jest mi\u0142y. Wiele si\u0119 nauczy\u0142em i wci\u0105\u017c si\u0119 ucz\u0119, dzi\u0119ki praktykom nabieram do\u015bwiadczenia.<\/p>\t\t\t\t\t\t<\/div>\n\t\t\t\t<\/div>\n\t\t\t\t<div class=\"elementor-element elementor-element-3ea0819 elementor-widget elementor-widget-heading\" data-id=\"3ea0819\" data-element_type=\"widget\" data-widget_type=\"heading.default\">\n\t\t\t\t<div class=\"elementor-widget-container\">\n\t\t\t<h2 class=\"elementor-heading-title elementor-size-default\">Zakwaterowanie:<\/h2>\t\t<\/div>\n\t\t\t\t<\/div>\n\t\t\t\t<div class=\"elementor-element elementor-element-ac4b4e2 elementor-widget elementor-widget-text-editor\" data-id=\"ac4b4e2\" data-element_type=\"widget\" data-widget_type=\"text-editor.default\">\n\t\t\t\t<div class=\"elementor-widget-container\">\n\t\t\t\t\t\t\t<p>W czw\u00f3rk\u0119 mieszkamy w mieszkaniu na Trianie, a dok\u0142adniej na Calle Rosario Vega, w\u0142a\u015bcicielem mieszkania jest Alfredo. Alfredo jest cz\u0142owiekiem bardzo mi\u0142ym oraz ma poczucie humoru. Przy przyje\u017adzie opr\u00f3cz niego poznali\u015bmy r\u00f3wnie\u017c Alfonso \u2013 jego syna oraz Elvisa \u2013 jego psa. Syn nie jest zbyt rozmowny, a nawet je\u017celi by by\u0142 to nie widzimy si\u0119 z nim zbyt cz\u0119sto. Pies natomiast wita nas przy ka\u017cdym po powrocie do domu (po kilku dniach zacz\u0119li\u015bmy przed nim ucieka\u0107, poniewa\u017c bardzo lubi liza\u0107 nas po nogach). Jedyny problem jaki napotkali\u015bmy mieszkaj\u0105c tutaj to bariera j\u0119zykowa \u2013 my nie znamy hiszpa\u0144skiego, a oni angielskiego. Przez ca\u0142y czas komunikujemy si\u0119 za pomoc\u0105 translatora oraz gest\u00f3w, chocia\u017c Dawid jako jedyny jako tako potrafi si\u0119 z nim dogada\u0107 i cz\u0119sto rozmawiaj\u0105 sobie o sporcie. Alfredo jest zagorza\u0142ym fanem klubu pi\u0142karskiego Sevilla FC, mamy nawet flag\u0119 w pokoju z meczu Ligi Europy z roku 2016, kiedy Sevilla FC gra\u0142a z Szachtarem Donieck.<\/p>\n<p>Teraz opiszemy nasz pok\u00f3j \u2013 mieszkamy w czteroosobowym pomieszczeniu, mamy trzy \u0142\u00f3zka, z czego jedno jest pi\u0119trowe. Wymiary w przybli\u017ceniu to 3x4m, tak\u017ce nie jest on najwi\u0119kszy, jednak jako\u015b \u017cyjemy i nie ma z tym wi\u0119kszych problem\u00f3w. Poza nami mieszka tutaj dw\u00f3ch W\u0142och\u00f3w oraz jeden student z Kolorado \u2013 niestety nie mo\u017cemy opisa\u0107 ich pokoi, bo tam nie wchodzimy.<\/p>\n<p>Przechodz\u0105c do kuchni \u2013 jemy tutaj bardzo dobrze. \u015aniadania musimy robi\u0107 sobie sami, bo kiedy wstajemy to nikogo nie ma w domu, natomiast obiad i kolacja zawsze s\u0105 przygotowane \u2013 jedno danie oko\u0142o 15, a drugie oko\u0142o 21. Wszystkim nam smakuje kuchnia hiszpa\u0144ska, chocia\u017c zaczynamy t\u0119skni\u0107 za polskimi przysmakami.<\/p>\n<p>~ Nazarko Krzysztof, Paduch Dawid, Szczyrbowski Filip, Tomera Szymon<br><br><\/p>\t\t\t\t\t\t<\/div>\n\t\t\t\t<\/div>\n\t\t\t\t\t<\/div>\n\t\t<\/div>\n\t\t\t\t\t\t\t<\/div>\n\t\t<\/section>\n\t\t\t\t\t\t\t<\/div>\n\t\t","protected":false},"excerpt":{"rendered":"<p>Szymon Tomera Nazywam si\u0119 Szymon, specjalizacj\u0105 w kt\u00f3rej si\u0119 kszta\u0142c\u0119 jest szeroko poj\u0119te IT. Komputerami interesowa\u0142em si\u0119 od ma\u0142ego. Sw\u00f3j wolny czas uwielbiam sp\u0119dza\u0107 z przyjaci\u00f3\u0142mi. Program Erasmus+ pozwoli\u0142 mi nabra\u0107 jeszcze wi\u0119kszych do\u015bwiadcze\u0144, nie tylko z bran\u017c\u0105 informatyczn\u0105, ale tak\u017ce z prze\u0142amywaniem barier komunikacyjnych mi\u0119dzy lud\u017ami z innego pa\u0144stwa, a tak\u017ce poznanie lokalnej kultury. [&hellip;]<\/p>\n","protected":false},"author":1,"featured_media":0,"parent":0,"menu_order":0,"comment_status":"closed","ping_status":"closed","template":"","meta":{"footnotes":""},"class_list":["post-1303","page","type-page","status-publish","hentry","entry"],"_links":{"self":[{"href":"http:\/\/erasmus2021.6cultures1tech.eu\/index.php?rest_route=\/wp\/v2\/pages\/1303","targetHints":{"allow":["GET"]}}],"collection":[{"href":"http:\/\/erasmus2021.6cultures1tech.eu\/index.php?rest_route=\/wp\/v2\/pages"}],"about":[{"href":"http:\/\/erasmus2021.6cultures1tech.eu\/index.php?rest_route=\/wp\/v2\/types\/page"}],"author":[{"embeddable":true,"href":"http:\/\/erasmus2021.6cultures1tech.eu\/index.php?rest_route=\/wp\/v2\/users\/1"}],"replies":[{"embeddable":true,"href":"http:\/\/erasmus2021.6cultures1tech.eu\/index.php?rest_route=%2Fwp%2Fv2%2Fcomments&post=1303"}],"version-history":[{"count":16,"href":"http:\/\/erasmus2021.6cultures1tech.eu\/index.php?rest_route=\/wp\/v2\/pages\/1303\/revisions"}],"predecessor-version":[{"id":3193,"href":"http:\/\/erasmus2021.6cultures1tech.eu\/index.php?rest_route=\/wp\/v2\/pages\/1303\/revisions\/3193"}],"wp:attachment":[{"href":"http:\/\/erasmus2021.6cultures1tech.eu\/index.php?rest_route=%2Fwp%2Fv2%2Fmedia&parent=1303"}],"curies":[{"name":"wp","href":"https:\/\/api.w.org\/{rel}","templated":true}]}}