{"id":1322,"date":"2022-11-02T17:16:51","date_gmt":"2022-11-02T16:16:51","guid":{"rendered":"https:\/\/localhost\/wordpress\/?page_id=1322"},"modified":"2022-12-09T17:05:32","modified_gmt":"2022-12-09T16:05:32","slug":"wieczorek-gr2","status":"publish","type":"page","link":"http:\/\/erasmus2021.6cultures1tech.eu\/?page_id=1322","title":{"rendered":"Wieczorek gr2"},"content":{"rendered":"\t\t<div data-elementor-type=\"wp-page\" data-elementor-id=\"1322\" class=\"elementor elementor-1322\">\n\t\t\t\t\t\t\t\t\t<section class=\"elementor-section elementor-top-section elementor-element elementor-element-44f97b5 elementor-section-height-min-height elementor-section-boxed elementor-section-height-default elementor-section-items-middle\" data-id=\"44f97b5\" data-element_type=\"section\" data-settings=\"{&quot;background_background&quot;:&quot;classic&quot;}\">\n\t\t\t\t\t\t<div class=\"elementor-container elementor-column-gap-default\">\n\t\t\t\t\t<div class=\"elementor-column elementor-col-50 elementor-top-column elementor-element elementor-element-d627f50\" data-id=\"d627f50\" data-element_type=\"column\">\n\t\t\t<div class=\"elementor-widget-wrap elementor-element-populated\">\n\t\t\t\t\t\t\t\t<div class=\"elementor-element elementor-element-3a9c5d8 elementor-widget elementor-widget-heading\" data-id=\"3a9c5d8\" data-element_type=\"widget\" data-widget_type=\"heading.default\">\n\t\t\t\t<div class=\"elementor-widget-container\">\n\t\t\t<style>\/*! elementor - v3.10.1 - 17-01-2023 *\/\n.elementor-heading-title{padding:0;margin:0;line-height:1}.elementor-widget-heading .elementor-heading-title[class*=elementor-size-]>a{color:inherit;font-size:inherit;line-height:inherit}.elementor-widget-heading .elementor-heading-title.elementor-size-small{font-size:15px}.elementor-widget-heading .elementor-heading-title.elementor-size-medium{font-size:19px}.elementor-widget-heading .elementor-heading-title.elementor-size-large{font-size:29px}.elementor-widget-heading .elementor-heading-title.elementor-size-xl{font-size:39px}.elementor-widget-heading .elementor-heading-title.elementor-size-xxl{font-size:59px}<\/style><h2 class=\"elementor-heading-title elementor-size-default\">Mateusz Wieczorek<\/h2>\t\t<\/div>\n\t\t\t\t<\/div>\n\t\t\t\t<section class=\"elementor-section elementor-inner-section elementor-element elementor-element-db0b688 elementor-section-boxed elementor-section-height-default elementor-section-height-default\" data-id=\"db0b688\" data-element_type=\"section\">\n\t\t\t\t\t\t<div class=\"elementor-container elementor-column-gap-default\">\n\t\t\t\t\t<div class=\"elementor-column elementor-col-100 elementor-inner-column elementor-element elementor-element-521ae38\" data-id=\"521ae38\" data-element_type=\"column\">\n\t\t\t<div class=\"elementor-widget-wrap elementor-element-populated\">\n\t\t\t\t\t\t\t\t<div class=\"elementor-element elementor-element-bb07f0e elementor-widget elementor-widget-heading\" data-id=\"bb07f0e\" data-element_type=\"widget\" data-widget_type=\"heading.default\">\n\t\t\t\t<div class=\"elementor-widget-container\">\n\t\t\t<h2 class=\"elementor-heading-title elementor-size-default\">Nazywam si\u0119 Mateusz Wieczorek i chodz\u0119 do klasy 3 informatycznej w ZST. Ju\u017c od ma\u0142ego wiedzia\u0142em ze informatyka b\u0119dzie towarzyszy\u0107 mi w przysz\u0142o\u015bci zawodowej. Poza informatyka w wolnym czasie lubi\u0119 ucz\u0119szcza\u0107 na si\u0142owni\u0119 i gra\u0107 w Fortnite.\n\n<\/h2>\t\t<\/div>\n\t\t\t\t<\/div>\n\t\t\t\t\t<\/div>\n\t\t<\/div>\n\t\t\t\t\t\t\t<\/div>\n\t\t<\/section>\n\t\t\t\t\t<\/div>\n\t\t<\/div>\n\t\t\t\t<div class=\"elementor-column elementor-col-50 elementor-top-column elementor-element elementor-element-265a15d\" data-id=\"265a15d\" data-element_type=\"column\">\n\t\t\t<div class=\"elementor-widget-wrap elementor-element-populated\">\n\t\t\t\t\t\t\t\t<div class=\"elementor-element elementor-element-e2c37ff elementor-widget elementor-widget-image\" data-id=\"e2c37ff\" data-element_type=\"widget\" data-widget_type=\"image.default\">\n\t\t\t\t<div class=\"elementor-widget-container\">\n\t\t\t<style>\/*! elementor - v3.10.1 - 17-01-2023 *\/\n.elementor-widget-image{text-align:center}.elementor-widget-image a{display:inline-block}.elementor-widget-image a img[src$=\".svg\"]{width:48px}.elementor-widget-image img{vertical-align:middle;display:inline-block}<\/style>\t\t\t\t\t\t\t\t\t\t\t\t<img loading=\"lazy\" decoding=\"async\" width=\"577\" height=\"1024\" src=\"http:\/\/erasmus2021.6cultures1tech.eu\/wp-content\/uploads\/2022\/12\/Wieczorek_Easy-Resize.com_-577x1024.jpg\" class=\"attachment-large size-large wp-image-3138\" alt=\"\" srcset=\"http:\/\/erasmus2021.6cultures1tech.eu\/wp-content\/uploads\/2022\/12\/Wieczorek_Easy-Resize.com_-577x1024.jpg 577w, http:\/\/erasmus2021.6cultures1tech.eu\/wp-content\/uploads\/2022\/12\/Wieczorek_Easy-Resize.com_-169x300.jpg 169w, http:\/\/erasmus2021.6cultures1tech.eu\/wp-content\/uploads\/2022\/12\/Wieczorek_Easy-Resize.com_.jpg 721w\" sizes=\"auto, (max-width: 577px) 100vw, 577px\" \/>\t\t\t\t\t\t\t\t\t\t\t\t\t\t\t<\/div>\n\t\t\t\t<\/div>\n\t\t\t\t\t<\/div>\n\t\t<\/div>\n\t\t\t\t\t\t\t<\/div>\n\t\t<\/section>\n\t\t\t\t<section class=\"elementor-section elementor-top-section elementor-element elementor-element-8d64b35 elementor-section-boxed elementor-section-height-default elementor-section-height-default\" data-id=\"8d64b35\" data-element_type=\"section\">\n\t\t\t\t\t\t<div class=\"elementor-container elementor-column-gap-default\">\n\t\t\t\t\t<div class=\"elementor-column elementor-col-100 elementor-top-column elementor-element elementor-element-13e0746\" data-id=\"13e0746\" data-element_type=\"column\">\n\t\t\t<div class=\"elementor-widget-wrap elementor-element-populated\">\n\t\t\t\t\t\t\t\t<section class=\"elementor-section elementor-inner-section elementor-element elementor-element-bd88b7e elementor-section-boxed elementor-section-height-default elementor-section-height-default\" data-id=\"bd88b7e\" data-element_type=\"section\">\n\t\t\t\t\t\t<div class=\"elementor-container elementor-column-gap-default\">\n\t\t\t\t\t<div class=\"elementor-column elementor-col-100 elementor-inner-column elementor-element elementor-element-f654c76\" data-id=\"f654c76\" data-element_type=\"column\">\n\t\t\t<div class=\"elementor-widget-wrap elementor-element-populated\">\n\t\t\t\t\t\t\t\t<div class=\"elementor-element elementor-element-2f22086 elementor-widget elementor-widget-heading\" data-id=\"2f22086\" data-element_type=\"widget\" data-widget_type=\"heading.default\">\n\t\t\t\t<div class=\"elementor-widget-container\">\n\t\t\t<h2 class=\"elementor-heading-title elementor-size-default\">Opinia o praktyce:<\/h2>\t\t<\/div>\n\t\t\t\t<\/div>\n\t\t\t\t<div class=\"elementor-element elementor-element-ff6607c elementor-widget elementor-widget-text-editor\" data-id=\"ff6607c\" data-element_type=\"widget\" data-widget_type=\"text-editor.default\">\n\t\t\t\t<div class=\"elementor-widget-container\">\n\t\t\t<style>\/*! elementor - v3.10.1 - 17-01-2023 *\/\n.elementor-widget-text-editor.elementor-drop-cap-view-stacked .elementor-drop-cap{background-color:#818a91;color:#fff}.elementor-widget-text-editor.elementor-drop-cap-view-framed .elementor-drop-cap{color:#818a91;border:3px solid;background-color:transparent}.elementor-widget-text-editor:not(.elementor-drop-cap-view-default) .elementor-drop-cap{margin-top:8px}.elementor-widget-text-editor:not(.elementor-drop-cap-view-default) .elementor-drop-cap-letter{width:1em;height:1em}.elementor-widget-text-editor .elementor-drop-cap{float:left;text-align:center;line-height:1;font-size:50px}.elementor-widget-text-editor .elementor-drop-cap-letter{display:inline-block}<\/style>\t\t\t\t<p>Ca\u0142y projekt Erasmus+ z pewno\u015bci\u0105 pom\u00f3g\u0142 mi rozwin\u0105\u0107 \u017cagle w stron\u0119 mojego kierunku zawodowego jakim jest informatyka, a sta\u0142o si\u0119 to za pomoc\u0105 firmy, w kt\u00f3rej pracowa\u0142em przez ten ca\u0142y okres. Poza nowo nabyt\u0105 wiedz\u0105 w pracy, projekt r\u00f3wnie\u017c pozwoli\u0142 mi rozwin\u0105\u0107 si\u0119 na p\u0142aszczy\u017anie komunikacji interpersonalnej, kt\u00f3ra odbywa\u0142a si\u0119 za pomoc\u0105 a\u017c dw\u00f3ch obcych j\u0119zyk\u00f3w; angielskiego i hiszpa\u0144skiego. Kolejn\u0105 spraw\u0105 by\u0142y nasze cotygodniowe wycieczki, kt\u00f3re by\u0142y nie do opisania a zarazem te\u017c pozwoli\u0142y na odkrycie paru zak\u0105tk\u00f3w Hiszpanii. Podsumowuj\u0105c, projekt ten jest zdecydowanie warty polecenia ka\u017cdej osobie, kt\u00f3ra ma szans\u0119 wzi\u0105\u0107 w nim udzia\u0142. Mo\u017ce pom\u00f3c w nabraniu cennego baga\u017cu do\u015bwiadcze\u0144 kt\u00f3ry zdecydowanie przyda si\u0119 w przysz\u0142o\u015bci.<\/p>\t\t\t\t\t\t<\/div>\n\t\t\t\t<\/div>\n\t\t\t\t\t<\/div>\n\t\t<\/div>\n\t\t\t\t\t\t\t<\/div>\n\t\t<\/section>\n\t\t\t\t<div class=\"elementor-element elementor-element-a11eab0 elementor-widget elementor-widget-heading\" data-id=\"a11eab0\" data-element_type=\"widget\" data-widget_type=\"heading.default\">\n\t\t\t\t<div class=\"elementor-widget-container\">\n\t\t\t<h2 class=\"elementor-heading-title elementor-size-default\">Praca:<\/h2>\t\t<\/div>\n\t\t\t\t<\/div>\n\t\t\t\t<div class=\"elementor-element elementor-element-7cba846 elementor-widget elementor-widget-text-editor\" data-id=\"7cba846\" data-element_type=\"widget\" data-widget_type=\"text-editor.default\">\n\t\t\t\t<div class=\"elementor-widget-container\">\n\t\t\t\t\t\t\t<p>Swoje praktyki, kt\u00f3re s\u0105 g\u0142\u00f3wnym celem wyjazdu do Hiszpanii odbywam w serwisie komputerowym \u201cSR Informatica\u201d. Pomimo pracowania tam przez dwa tygodnie ju\u017c jestem w stanie stwierdzi\u0107, \u017ce ca\u0142y ten przepracowany czas nie p\u00f3jdzie na marne. Praca przede wszystkim nie jest monotonna, bo w ka\u017cdy dzie\u0144 powierzane s\u0105 mi wszelakie zadania, kt\u00f3re m\u00f3g\u0142bym wykorzysta\u0107 w przysz\u0142o\u015bci takie jak; monta\u017c komputer\u00f3w, instalacja system\u00f3w operacyjnych, wymiana podzespo\u0142\u00f3w lub ich diagnostyka, itp. Poza samym wykonywaniem pracy wa\u017cna jest te\u017c relacja z swoim szefem, na co nie mog\u0119 narzeka\u0107. Ka\u017cdego dnia czuj\u0119 si\u0119 tam jak u siebie za spraw\u0105 mojego szefa Lousia, kt\u00f3ry jest mi\u0142ym i wyrozumia\u0142ym cz\u0142owiekiem, kt\u00f3ry zawsze wyci\u0105ga sw\u0105 pomocn\u0105 d\u0142o\u0144, gdy czego\u015b nie potrafi\u0119 wykona\u0107. Firma znajduje si\u0119 blisko samego centrum Sewilli w Tomares. Aby tam dojecha\u0107 udaje si\u0119 pieszo na dworzec autobusowy a stamt\u0105d mam busa do samego Tomares. Ca\u0142a ta podr\u00f3\u017c nie zajmuj\u0119 wi\u0119cej ni\u017c 30 minut, wi\u0119c jest to bardzo optymalny czas. Pomimo \u017ce jeszcze praktyk nie uko\u0144czy\u0142em musz\u0119 przyzna\u0107, \u017ce lepiej trafi\u0107 nie mog\u0142em.<\/p>\t\t\t\t\t\t<\/div>\n\t\t\t\t<\/div>\n\t\t\t\t<div class=\"elementor-element elementor-element-5e31213 elementor-widget elementor-widget-heading\" data-id=\"5e31213\" data-element_type=\"widget\" data-widget_type=\"heading.default\">\n\t\t\t\t<div class=\"elementor-widget-container\">\n\t\t\t<h2 class=\"elementor-heading-title elementor-size-default\">Zakwaterowanie:<\/h2>\t\t<\/div>\n\t\t\t\t<\/div>\n\t\t\t\t<div class=\"elementor-element elementor-element-ec9df41 elementor-widget elementor-widget-text-editor\" data-id=\"ec9df41\" data-element_type=\"widget\" data-widget_type=\"text-editor.default\">\n\t\t\t\t<div class=\"elementor-widget-container\">\n\t\t\t\t\t\t\t<p>Na czas mobilno\u015bci mieszkamy na Calle Antonia D\u00edaz w domu z niema\u0142\u0105 rodzin\u0105. W mieszkaniu \u017cyj\u0119 ma\u0142\u017ce\u0144stwo Mar\u00eda oraz Curro wraz z trojgiem dzieci. Oboje s\u0105 bardzo mi\u0142ym ma\u0142\u017ce\u0144stwem, kt\u00f3re zawsze jest gotowe nas wys\u0142ucha\u0107. Host rodzice bardzo si\u0119 staraj\u0105 aby\u015bmy czuli si\u0119 jak u siebie. Daj\u0105 nam du\u017c\u0105 swobod\u0119 w domu oraz poza nim. Dzi\u0119ki takiej wolno\u015bci, zasad to tu du\u017co nie ma. Mo\u017cemy bra\u0107 prysznic, ile oraz kiedy chcemy. Pranie jest w ka\u017cd\u0105 sobot\u0119, ale pani Mar\u00eda sama m\u00f3wi, \u017ce mo\u017ce zrobi\u0107 nam wi\u0119cej w tygodniu. Mamy w takim przypadku j\u0105 o tym powiadomi\u0107. Jemy 3 posi\u0142ki w ci\u0105gu dnia: \u015bniadanie, obiad oraz kolacj\u0119. Na \u015bniadanie dostajemy zawsze p\u0142atki z mlekiem, ale zdarza\u0142y si\u0119 dni, gdzie dostajemy nale\u015bniki albo bagietki z serem\/szynk\u0105, itp. Obiad jest codziennie inny i rzadziej si\u0119 powtarza. Przywozi nam bowiem Pan Curro codziennie z pracy obiady, gdy\u017c jego firma zajmuj\u0119 si\u0119 przygotowaniem posi\u0142k\u00f3w i przywo\u017ceniem ich do firm nie maj\u0105cych, kuchni. Na kolacj\u0119 r\u00f3wnie\u017c nie mamy co narzeka\u0107 bowiem dostajemy bardzo dobre jedzenie. Omlet, nachosy z pizz\u0105, frytki z kurczakiem i jeszcze wi\u0119cej potraw trafia na nasze talerze. Czasem si\u0119 \u00f3w posi\u0142ki powtarzaj\u0105, ale nie narzekamy, poniewa\u017c zawsze nam smakuj\u0119. Je\u015bli chcemy dok\u0142adki to mo\u017cemy zawsze powiedzie\u0107 o tym naszej host mamie. Mieszkamy w jednym pokoju z dwoma osobnymi \u0142\u00f3\u017ckami. Pok\u00f3j jest sporych rozmiar\u00f3w i nie narzekamy na przestrze\u0144. Jeste\u015bmy zaopatrzeni w wiatrak do w\u0142asnego u\u017cytku. Ch\u0119tnie z niego korzystamy, poniewa\u017c przez panuj\u0105cy tu klimat jest w pokoju duszno. Rodzina nie posiada zwierz\u0105t domowych. Tr\u00f3jka dzieci, kt\u00f3ra tu mieszka nie przeszkadza nam tu. Mimo \u017ce za du\u017co ze sob\u0105 nie rozmawiamy, zawsze si\u0119 witamy na korytarzu, kiedy si\u0119 mijamy. Mimo mieszkania z tyloma osobami w jednym domu, nie mamy problemu z korzystaniem z toalety. Na szcz\u0119\u015bcie dom jest zaopatrzony w drug\u0105 toalet\u0119 i nie trafiamy na sytuacj\u0119, gdzie nasza ubikacja jest zaj\u0119ta. Jedyn\u0105 przeszkod\u0105 jaka nas dzieli to j\u0119zyk. Ma\u0142\u017ce\u0144stwo s\u0142abo m\u00f3wi po angielsku i zna tylko par\u0119 s\u0142\u00f3w, a dzieci z tego co widzimy w og\u00f3le nie m\u00f3wi\u0105 w tym j\u0119zyku. Jednak znajomo\u015b\u0107 paru s\u0142\u00f3wek z strony rodziny oraz t\u0142umacza, zawsze udaj\u0119 nam si\u0119 nam dogada\u0107. Czasem pani Mar\u00eda korzysta z pomocy pani Silvi, kt\u00f3ra jest siostr\u0105 pana Curro. Zna ona angielski i hiszpa\u0144ski, wi\u0119c kiedy jest mo\u017cliwo\u015b\u0107 to zawsze korzystamy z jej pomocy do dogadania si\u0119 z rodzin\u0105. Zdarza si\u0119, \u017ce pani Silvia odwiedza swoj\u0105 rodzin\u0119 wraz z c\u00f3rk\u0105 i gdy j\u0105 spotykamy to pyta nas o samopoczucie i \u017cycie tu w domu. R\u00f3wnie\u017c nie ma problemu co do zasad przebywania poza domem. Mo\u017cemy zawsze wychodzi\u0107 i ustali\u0107 ka\u017cd\u0105 godzin\u0119 powrotu, a je\u015bli jemy kolacj\u0119 na mie\u015bcie to wystarczy powiadomi\u0107 o tym pani Mar\u00ede. Oboje mamy klucze do mieszkania, wi\u0119c nie ma problemu z dostaniem si\u0119 do domu. Czujemy si\u0119 tu naprawd\u0119 jak w\u0142asnym domu z tak\u0105 swobod\u0105 oraz mi\u0142ym ma\u0142\u017ce\u0144stwem. Jak sam m\u00f3wi pan Curro \u201cIt\u2019s your home\u201d. Oboje bardzo si\u0119 staraj\u0105 z wprowadzaniem tu ciep\u0142ej atmosfery, gdzie mo\u017cemy si\u0119 czu\u0107 jak w w\u0142asnych domach.<\/p><p>~ Kasprzak Marcin, Wieczorek Mateusz<br><\/p>\t\t\t\t\t\t<\/div>\n\t\t\t\t<\/div>\n\t\t\t\t\t<\/div>\n\t\t<\/div>\n\t\t\t\t\t\t\t<\/div>\n\t\t<\/section>\n\t\t\t\t\t\t\t<\/div>\n\t\t","protected":false},"excerpt":{"rendered":"<p>Mateusz Wieczorek Nazywam si\u0119 Mateusz Wieczorek i chodz\u0119 do klasy 3 informatycznej w ZST. Ju\u017c od ma\u0142ego wiedzia\u0142em ze informatyka b\u0119dzie towarzyszy\u0107 mi w przysz\u0142o\u015bci zawodowej. Poza informatyka w wolnym czasie lubi\u0119 ucz\u0119szcza\u0107 na si\u0142owni\u0119 i gra\u0107 w Fortnite. Opinia o praktyce: Ca\u0142y projekt Erasmus+ z pewno\u015bci\u0105 pom\u00f3g\u0142 mi rozwin\u0105\u0107 \u017cagle w stron\u0119 mojego kierunku [&hellip;]<\/p>\n","protected":false},"author":1,"featured_media":0,"parent":0,"menu_order":0,"comment_status":"closed","ping_status":"closed","template":"","meta":{"footnotes":""},"class_list":["post-1322","page","type-page","status-publish","hentry","entry"],"_links":{"self":[{"href":"http:\/\/erasmus2021.6cultures1tech.eu\/index.php?rest_route=\/wp\/v2\/pages\/1322","targetHints":{"allow":["GET"]}}],"collection":[{"href":"http:\/\/erasmus2021.6cultures1tech.eu\/index.php?rest_route=\/wp\/v2\/pages"}],"about":[{"href":"http:\/\/erasmus2021.6cultures1tech.eu\/index.php?rest_route=\/wp\/v2\/types\/page"}],"author":[{"embeddable":true,"href":"http:\/\/erasmus2021.6cultures1tech.eu\/index.php?rest_route=\/wp\/v2\/users\/1"}],"replies":[{"embeddable":true,"href":"http:\/\/erasmus2021.6cultures1tech.eu\/index.php?rest_route=%2Fwp%2Fv2%2Fcomments&post=1322"}],"version-history":[{"count":19,"href":"http:\/\/erasmus2021.6cultures1tech.eu\/index.php?rest_route=\/wp\/v2\/pages\/1322\/revisions"}],"predecessor-version":[{"id":3189,"href":"http:\/\/erasmus2021.6cultures1tech.eu\/index.php?rest_route=\/wp\/v2\/pages\/1322\/revisions\/3189"}],"wp:attachment":[{"href":"http:\/\/erasmus2021.6cultures1tech.eu\/index.php?rest_route=%2Fwp%2Fv2%2Fmedia&parent=1322"}],"curies":[{"name":"wp","href":"https:\/\/api.w.org\/{rel}","templated":true}]}}